{"id":603,"date":"2025-10-07T14:17:09","date_gmt":"2025-10-07T19:17:09","guid":{"rendered":"https:\/\/www.incarmed.com\/blog\/?page_id=603"},"modified":"2025-11-12T07:54:38","modified_gmt":"2025-11-12T12:54:38","slug":"blog","status":"publish","type":"page","link":"https:\/\/www.incarmed.com\/blog\/","title":{"rendered":"Blog"},"content":{"rendered":"\t\t<div data-elementor-type=\"wp-page\" data-elementor-id=\"603\" class=\"elementor elementor-603\" data-elementor-post-type=\"page\">\n\t\t\t\t\t\t<section class=\"elementor-section elementor-top-section elementor-element elementor-element-18795eb elementor-section-boxed elementor-section-height-default elementor-section-height-default\" data-id=\"18795eb\" data-element_type=\"section\" data-settings=\"{&quot;background_background&quot;:&quot;classic&quot;}\">\n\t\t\t\t\t\t\t<div class=\"elementor-background-overlay\"><\/div>\n\t\t\t\t\t\t\t<div class=\"elementor-container elementor-column-gap-default\">\n\t\t\t\t\t<div class=\"elementor-column elementor-col-100 elementor-top-column elementor-element elementor-element-f85c161\" data-id=\"f85c161\" data-element_type=\"column\">\n\t\t\t<div class=\"elementor-widget-wrap elementor-element-populated\">\n\t\t\t\t\t\t<div class=\"elementor-element elementor-element-9f567c3 elementor-widget elementor-widget-heading\" data-id=\"9f567c3\" data-element_type=\"widget\" data-widget_type=\"heading.default\">\n\t\t\t\t<div class=\"elementor-widget-container\">\n\t\t\t\t\t<h1 class=\"elementor-heading-title elementor-size-default\">Art\u00edculos sobre dispositivos m\u00e9dicos de precisi\u00f3n<\/h1>\t\t\t\t<\/div>\n\t\t\t\t<\/div>\n\t\t\t\t<div class=\"elementor-element elementor-element-170a8f7 elementor-widget elementor-widget-text-editor\" data-id=\"170a8f7\" data-element_type=\"widget\" data-widget_type=\"text-editor.default\">\n\t\t\t\t<div class=\"elementor-widget-container\">\n\t\t\t\t\t\t\t\t\t<p>Explora nuestro blog y <strong>descubre informaci\u00f3n \u00fatil, consejos de expertos y asesor\u00eda gratuita<\/strong> sobre equipos m\u00e9dicos de \u00faltima generaci\u00f3n.<\/p>\t\t\t\t\t\t\t\t<\/div>\n\t\t\t\t<\/div>\n\t\t\t\t\t<\/div>\n\t\t<\/div>\n\t\t\t\t\t<\/div>\n\t\t<\/section>\n\t\t\t\t<section class=\"elementor-section elementor-top-section elementor-element elementor-element-f586390 elementor-section-boxed elementor-section-height-default elementor-section-height-default\" data-id=\"f586390\" data-element_type=\"section\">\n\t\t\t\t\t\t<div class=\"elementor-container elementor-column-gap-default\">\n\t\t\t\t\t<div class=\"elementor-column elementor-col-100 elementor-top-column elementor-element elementor-element-7ed3830\" data-id=\"7ed3830\" data-element_type=\"column\">\n\t\t\t<div class=\"elementor-widget-wrap elementor-element-populated\">\n\t\t\t\t\t\t<div class=\"elementor-element elementor-element-d06ee68 elementor-widget elementor-widget-shortcode\" data-id=\"d06ee68\" data-element_type=\"widget\" data-widget_type=\"shortcode.default\">\n\t\t\t\t<div class=\"elementor-widget-container\">\n\t\t\t\t\t\t\t<div class=\"elementor-shortcode\"><div class=\"pccta-grid\">        <article class=\"pccta-item\">\n          <div class=\"pccta-inner\">\n            <div class=\"pccta-left\">\n              <h3><a href=\"https:\/\/www.incarmed.com\/blog\/radiologia-intervencionista-peru-guia-completa\/\">Radiolog\u00eda intervencionista en Per\u00fa: gu\u00eda completa y actualizada<\/a><\/h3>\n                            <p class=\"pccta-excerpt\">La radiolog\u00eda intervencionista en Per\u00fa es una especialidad m\u00e9dica que ha revolucionado la forma en que se diagnostican y tratan m\u00faltiples enfermedades con t\u00e9cnicas\u2026<\/p>\n              <div class=\"pccta-actions\">\n                <a class=\"pccta-readmore\" href=\"https:\/\/www.incarmed.com\/blog\/radiologia-intervencionista-peru-guia-completa\/\">Saber m\u00e1s \u00bb<\/a>\n              <\/div>\n            <\/div>\n            <div class=\"pccta-right\">\n              <a class=\"pccta-cta\" target=\"_blank\" href=\"\/contacto\/\">\n                Ases\u00f3rate aqu\u00ed              <\/a>\n            <\/div>\n          <\/div>\n        <\/article>\n            <article class=\"pccta-item\">\n          <div class=\"pccta-inner\">\n            <div class=\"pccta-left\">\n              <h3><a href=\"https:\/\/www.incarmed.com\/blog\/nefrostomia-en-peru-tecnicas-equipos-necesarios\/\">Nefrostom\u00eda en Per\u00fa: t\u00e9cnicas y equipos necesarios<\/a><\/h3>\n                            <p class=\"pccta-excerpt\">La nefrostom\u00eda en Per\u00fa: t\u00e9cnicas y equipos necesarios es uno de los procedimientos m\u00e9dicos m\u00e1s importantes para el manejo de problemas obstructivos en el\u2026<\/p>\n              <div class=\"pccta-actions\">\n                <a class=\"pccta-readmore\" href=\"https:\/\/www.incarmed.com\/blog\/nefrostomia-en-peru-tecnicas-equipos-necesarios\/\">Saber m\u00e1s \u00bb<\/a>\n              <\/div>\n            <\/div>\n            <div class=\"pccta-right\">\n              <a class=\"pccta-cta\" target=\"_blank\" href=\"\/contacto\/\">\n                Ases\u00f3rate aqu\u00ed              <\/a>\n            <\/div>\n          <\/div>\n        <\/article>\n            <article class=\"pccta-item\">\n          <div class=\"pccta-inner\">\n            <div class=\"pccta-left\">\n              <h3><a href=\"https:\/\/www.incarmed.com\/blog\/insumos-medicos-en-peru-guia\/\">Gu\u00eda completa sobre insumos m\u00e9dicos en Per\u00fa: todo lo que debes saber<\/a><\/h3>\n                            <p class=\"pccta-excerpt\">Los insumos m\u00e9dicos en Per\u00fa son componentes esenciales que garantizan el correcto funcionamiento de los servicios de salud y la atenci\u00f3n adecuada para los\u2026<\/p>\n              <div class=\"pccta-actions\">\n                <a class=\"pccta-readmore\" href=\"https:\/\/www.incarmed.com\/blog\/insumos-medicos-en-peru-guia\/\">Saber m\u00e1s \u00bb<\/a>\n              <\/div>\n            <\/div>\n            <div class=\"pccta-right\">\n              <a class=\"pccta-cta\" target=\"_blank\" href=\"\/contacto\/\">\n                Ases\u00f3rate aqu\u00ed              <\/a>\n            <\/div>\n          <\/div>\n        <\/article>\n            <article class=\"pccta-item\">\n          <div class=\"pccta-inner\">\n            <div class=\"pccta-left\">\n              <h3><a href=\"https:\/\/www.incarmed.com\/blog\/radiologia-intervencionista-ecuador-tendencias-equipos\/\">Radiolog\u00eda intervencionista en Ecuador: tendencias y equipos necesarios<\/a><\/h3>\n                            <p class=\"pccta-excerpt\">La radiolog\u00eda intervencionista en Ecuador es un campo m\u00e9dico que ha experimentado un crecimiento significativo en los \u00faltimos a\u00f1os. Esta especialidad utiliza t\u00e9cnicas avanzadas\u2026<\/p>\n              <div class=\"pccta-actions\">\n                <a class=\"pccta-readmore\" href=\"https:\/\/www.incarmed.com\/blog\/radiologia-intervencionista-ecuador-tendencias-equipos\/\">Saber m\u00e1s \u00bb<\/a>\n              <\/div>\n            <\/div>\n            <div class=\"pccta-right\">\n              <a class=\"pccta-cta\" target=\"_blank\" href=\"\/contacto\/\">\n                Ases\u00f3rate aqu\u00ed              <\/a>\n            <\/div>\n          <\/div>\n        <\/article>\n            <article class=\"pccta-item\">\n          <div class=\"pccta-inner\">\n            <div class=\"pccta-left\">\n              <h3><a href=\"https:\/\/www.incarmed.com\/blog\/seguridad-paciente-ecuador-dispositivos-medicos\/\">Seguridad paciente Ecuador dispositivos m\u00e9dicos: Normativas y pr\u00e1cticas esenciales<\/a><\/h3>\n                            <p class=\"pccta-excerpt\">La seguridad paciente Ecuador dispositivos m\u00e9dicos es un tema cr\u00edtico para garantizar la calidad y eficacia en la atenci\u00f3n sanitaria. Los dispositivos m\u00e9dicos son\u2026<\/p>\n              <div class=\"pccta-actions\">\n                <a class=\"pccta-readmore\" href=\"https:\/\/www.incarmed.com\/blog\/seguridad-paciente-ecuador-dispositivos-medicos\/\">Saber m\u00e1s \u00bb<\/a>\n              <\/div>\n            <\/div>\n            <div class=\"pccta-right\">\n              <a class=\"pccta-cta\" target=\"_blank\" href=\"\/contacto\/\">\n                Ases\u00f3rate aqu\u00ed              <\/a>\n            <\/div>\n          <\/div>\n        <\/article>\n            <article class=\"pccta-item\">\n          <div class=\"pccta-inner\">\n            <div class=\"pccta-left\">\n              <h3><a href=\"https:\/\/www.incarmed.com\/blog\/equipos-para-radiologia-intervencionista-en-ecuador\/\">Equipos para radiolog\u00eda intervencionista en Ecuador: gu\u00eda completa<\/a><\/h3>\n                            <p class=\"pccta-excerpt\">La radiolog\u00eda intervencionista es una especialidad m\u00e9dica que ha revolucionado el diagn\u00f3stico y tratamiento de diversas enfermedades a trav\u00e9s de procedimientos m\u00ednimamente invasivos guiados\u2026<\/p>\n              <div class=\"pccta-actions\">\n                <a class=\"pccta-readmore\" href=\"https:\/\/www.incarmed.com\/blog\/equipos-para-radiologia-intervencionista-en-ecuador\/\">Saber m\u00e1s \u00bb<\/a>\n              <\/div>\n            <\/div>\n            <div class=\"pccta-right\">\n              <a class=\"pccta-cta\" target=\"_blank\" href=\"\/contacto\/\">\n                Ases\u00f3rate aqu\u00ed              <\/a>\n            <\/div>\n          <\/div>\n        <\/article>\n            <article class=\"pccta-item\">\n          <div class=\"pccta-inner\">\n            <div class=\"pccta-left\">\n              <h3><a href=\"https:\/\/www.incarmed.com\/blog\/proveedores-insumos-medicos-quito-guia-completa\/\">Gu\u00eda Completa para Elegir Proveedores de Insumos M\u00e9dicos en Quito<\/a><\/h3>\n                            <p class=\"pccta-excerpt\">En el sector salud de Quito, contar con proveedores insumos m\u00e9dicos Quito confiables es fundamental para garantizar la calidad y seguridad en cl\u00ednicas y\u2026<\/p>\n              <div class=\"pccta-actions\">\n                <a class=\"pccta-readmore\" href=\"https:\/\/www.incarmed.com\/blog\/proveedores-insumos-medicos-quito-guia-completa\/\">Saber m\u00e1s \u00bb<\/a>\n              <\/div>\n            <\/div>\n            <div class=\"pccta-right\">\n              <a class=\"pccta-cta\" target=\"_blank\" href=\"\/contacto\/\">\n                Ases\u00f3rate aqu\u00ed              <\/a>\n            <\/div>\n          <\/div>\n        <\/article>\n            <article class=\"pccta-item\">\n          <div class=\"pccta-inner\">\n            <div class=\"pccta-left\">\n              <h3><a href=\"https:\/\/www.incarmed.com\/blog\/dispositivos-medicos-en-guayaquil-que-deben-exigir-clinicas-modernas\/\">Dispositivos m\u00e9dicos en Guayaquil: qu\u00e9 deben exigir cl\u00ednicas modernas para optimizar su funcionamiento<\/a><\/h3>\n                            <p class=\"pccta-excerpt\">Las cl\u00ednicas modernas en Guayaquil deben contar con dispositivos m\u00e9dicos que cumplan rigurosos est\u00e1ndares de calidad y normativa vigente para garantizar un servicio seguro\u2026<\/p>\n              <div class=\"pccta-actions\">\n                <a class=\"pccta-readmore\" href=\"https:\/\/www.incarmed.com\/blog\/dispositivos-medicos-en-guayaquil-que-deben-exigir-clinicas-modernas\/\">Saber m\u00e1s \u00bb<\/a>\n              <\/div>\n            <\/div>\n            <div class=\"pccta-right\">\n              <a class=\"pccta-cta\" target=\"_blank\" href=\"\/contacto\/\">\n                Ases\u00f3rate aqu\u00ed              <\/a>\n            <\/div>\n          <\/div>\n        <\/article>\n            <article class=\"pccta-item\">\n          <div class=\"pccta-inner\">\n            <div class=\"pccta-left\">\n              <h3><a href=\"https:\/\/www.incarmed.com\/blog\/dispositivos-medicos-en-peru\/\">Dispositivos m\u00e9dicos en Per\u00fa c\u00f3mo elegir tecnolog\u00eda segura para cl\u00ednicas y hospitales<\/a><\/h3>\n                            <p class=\"pccta-excerpt\">En el sector salud, cada detalle cuenta. Desde una simple gasa hasta equipos de diagn\u00f3stico m\u00e1s complejos, los materiales utilizados en la atenci\u00f3n m\u00e9dica\u2026<\/p>\n              <div class=\"pccta-actions\">\n                <a class=\"pccta-readmore\" href=\"https:\/\/www.incarmed.com\/blog\/dispositivos-medicos-en-peru\/\">Saber m\u00e1s \u00bb<\/a>\n              <\/div>\n            <\/div>\n            <div class=\"pccta-right\">\n              <a class=\"pccta-cta\" target=\"_blank\" href=\"\/contacto\/\">\n                Ases\u00f3rate aqu\u00ed              <\/a>\n            <\/div>\n          <\/div>\n        <\/article>\n            <article class=\"pccta-item\">\n          <div class=\"pccta-inner\">\n            <div class=\"pccta-left\">\n              <h3><a href=\"https:\/\/www.incarmed.com\/blog\/insumos-medicos-en-guayaquil\/\">Insumos m\u00e9dicos en Guayaquil lo que realmente necesitan hospitales, cl\u00ednicas y consultorios<\/a><\/h3>\n                            <p class=\"pccta-excerpt\">En el sector salud, cada detalle cuenta. Desde una simple gasa hasta equipos de diagn\u00f3stico m\u00e1s complejos, los materiales utilizados en la atenci\u00f3n m\u00e9dica\u2026<\/p>\n              <div class=\"pccta-actions\">\n                <a class=\"pccta-readmore\" href=\"https:\/\/www.incarmed.com\/blog\/insumos-medicos-en-guayaquil\/\">Saber m\u00e1s \u00bb<\/a>\n              <\/div>\n            <\/div>\n            <div class=\"pccta-right\">\n              <a class=\"pccta-cta\" target=\"_blank\" href=\"\/contacto\/\">\n                Ases\u00f3rate aqu\u00ed              <\/a>\n            <\/div>\n          <\/div>\n        <\/article>\n    <\/div><div class=\"pccta-pagination\"><ul class='page-numbers'>\n\t<li><span aria-current=\"page\" class=\"page-numbers current\">1<\/span><\/li>\n\t<li><a class=\"page-numbers\" href=\"https:\/\/www.incarmed.com\/blog\/insumos-medicos-en-guayaquil\/page\/2\/\">2<\/a><\/li>\n\t<li><a class=\"page-numbers\" href=\"https:\/\/www.incarmed.com\/blog\/insumos-medicos-en-guayaquil\/page\/3\/\">3<\/a><\/li>\n\t<li><a class=\"next page-numbers\" href=\"https:\/\/www.incarmed.com\/blog\/insumos-medicos-en-guayaquil\/page\/2\/\">Siguiente \u00bb<\/a><\/li>\n<\/ul>\n<\/div><\/div>\n\t\t\t\t\t\t<\/div>\n\t\t\t\t<\/div>\n\t\t\t\t\t<\/div>\n\t\t<\/div>\n\t\t\t\t\t<\/div>\n\t\t<\/section>\n\t\t\t\t<\/div>\n\t\t","protected":false},"excerpt":{"rendered":"<p>Art\u00edculos sobre dispositivos m\u00e9dicos de precisi\u00f3n Explora nuestro blog y descubre informaci\u00f3n \u00fatil, consejos de expertos y asesor\u00eda gratuita sobre equipos m\u00e9dicos de \u00faltima generaci\u00f3n.<\/p>\n","protected":false},"author":1,"featured_media":0,"parent":0,"menu_order":0,"comment_status":"closed","ping_status":"closed","template":"","meta":{"footnotes":""},"class_list":["post-603","page","type-page","status-publish","hentry"],"yoast_head":"<!-- This site is optimized with the Yoast SEO plugin v26.1.1 - https:\/\/yoast.com\/wordpress\/plugins\/seo\/ -->\n<title>BLOG | Dispositivos m\u00e9dicos de precisi\u00f3n<\/title>\n<meta name=\"description\" content=\"Descubre c\u00f3mo los dispositivos m\u00e9dicos de precisi\u00f3n mejoran el diagn\u00f3stico, la eficiencia y la atenci\u00f3n en hospitales y cl\u00ednicas modernas.\" \/>\n<meta name=\"robots\" content=\"index, follow, max-snippet:-1, max-image-preview:large, max-video-preview:-1\" \/>\n<link rel=\"canonical\" href=\"https:\/\/www.incarmed.com\/blog\/\" \/>\n<meta property=\"og:locale\" content=\"es_ES\" \/>\n<meta property=\"og:type\" content=\"article\" \/>\n<meta property=\"og:title\" content=\"BLOG | Dispositivos m\u00e9dicos de precisi\u00f3n\" \/>\n<meta property=\"og:description\" content=\"Descubre c\u00f3mo los dispositivos m\u00e9dicos de precisi\u00f3n mejoran el diagn\u00f3stico, la eficiencia y la atenci\u00f3n en hospitales y cl\u00ednicas modernas.\" \/>\n<meta property=\"og:url\" content=\"https:\/\/www.incarmed.com\/blog\/\" \/>\n<meta property=\"og:site_name\" content=\"Incarmed\" \/>\n<meta property=\"article:modified_time\" content=\"2025-11-12T12:54:38+00:00\" \/>\n<meta name=\"twitter:card\" content=\"summary_large_image\" \/>\n<meta name=\"twitter:label1\" content=\"Tiempo de lectura\" \/>\n\t<meta name=\"twitter:data1\" content=\"1 minuto\" \/>\n<script type=\"application\/ld+json\" class=\"yoast-schema-graph\">{\"@context\":\"https:\/\/schema.org\",\"@graph\":[{\"@type\":\"WebPage\",\"@id\":\"https:\/\/www.incarmed.com\/blog\/\",\"url\":\"https:\/\/www.incarmed.com\/blog\/\",\"name\":\"BLOG | Dispositivos m\u00e9dicos de precisi\u00f3n\",\"isPartOf\":{\"@id\":\"https:\/\/www.incarmed.com\/blog\/#website\"},\"datePublished\":\"2025-10-07T19:17:09+00:00\",\"dateModified\":\"2025-11-12T12:54:38+00:00\",\"description\":\"Descubre c\u00f3mo los dispositivos m\u00e9dicos de precisi\u00f3n mejoran el diagn\u00f3stico, la eficiencia y la atenci\u00f3n en hospitales y cl\u00ednicas modernas.\",\"breadcrumb\":{\"@id\":\"https:\/\/www.incarmed.com\/blog\/#breadcrumb\"},\"inLanguage\":\"es\",\"potentialAction\":[{\"@type\":\"ReadAction\",\"target\":[\"https:\/\/www.incarmed.com\/blog\/\"]}]},{\"@type\":\"BreadcrumbList\",\"@id\":\"https:\/\/www.incarmed.com\/blog\/#breadcrumb\",\"itemListElement\":[{\"@type\":\"ListItem\",\"position\":1,\"name\":\"Portada\",\"item\":\"https:\/\/www.incarmed.com\/blog\/\"},{\"@type\":\"ListItem\",\"position\":2,\"name\":\"Blog\"}]},{\"@type\":\"WebSite\",\"@id\":\"https:\/\/www.incarmed.com\/blog\/#website\",\"url\":\"https:\/\/www.incarmed.com\/blog\/\",\"name\":\"Incarmed\",\"description\":\"\",\"potentialAction\":[{\"@type\":\"SearchAction\",\"target\":{\"@type\":\"EntryPoint\",\"urlTemplate\":\"https:\/\/www.incarmed.com\/blog\/?s={search_term_string}\"},\"query-input\":{\"@type\":\"PropertyValueSpecification\",\"valueRequired\":true,\"valueName\":\"search_term_string\"}}],\"inLanguage\":\"es\"}]}<\/script>\n<!-- \/ Yoast SEO plugin. -->","yoast_head_json":{"title":"BLOG | Dispositivos m\u00e9dicos de precisi\u00f3n","description":"Descubre c\u00f3mo los dispositivos m\u00e9dicos de precisi\u00f3n mejoran el diagn\u00f3stico, la eficiencia y la atenci\u00f3n en hospitales y cl\u00ednicas modernas.","robots":{"index":"index","follow":"follow","max-snippet":"max-snippet:-1","max-image-preview":"max-image-preview:large","max-video-preview":"max-video-preview:-1"},"canonical":"https:\/\/www.incarmed.com\/blog\/","og_locale":"es_ES","og_type":"article","og_title":"BLOG | Dispositivos m\u00e9dicos de precisi\u00f3n","og_description":"Descubre c\u00f3mo los dispositivos m\u00e9dicos de precisi\u00f3n mejoran el diagn\u00f3stico, la eficiencia y la atenci\u00f3n en hospitales y cl\u00ednicas modernas.","og_url":"https:\/\/www.incarmed.com\/blog\/","og_site_name":"Incarmed","article_modified_time":"2025-11-12T12:54:38+00:00","twitter_card":"summary_large_image","twitter_misc":{"Tiempo de lectura":"1 minuto"},"schema":{"@context":"https:\/\/schema.org","@graph":[{"@type":"WebPage","@id":"https:\/\/www.incarmed.com\/blog\/","url":"https:\/\/www.incarmed.com\/blog\/","name":"BLOG | Dispositivos m\u00e9dicos de precisi\u00f3n","isPartOf":{"@id":"https:\/\/www.incarmed.com\/blog\/#website"},"datePublished":"2025-10-07T19:17:09+00:00","dateModified":"2025-11-12T12:54:38+00:00","description":"Descubre c\u00f3mo los dispositivos m\u00e9dicos de precisi\u00f3n mejoran el diagn\u00f3stico, la eficiencia y la atenci\u00f3n en hospitales y cl\u00ednicas modernas.","breadcrumb":{"@id":"https:\/\/www.incarmed.com\/blog\/#breadcrumb"},"inLanguage":"es","potentialAction":[{"@type":"ReadAction","target":["https:\/\/www.incarmed.com\/blog\/"]}]},{"@type":"BreadcrumbList","@id":"https:\/\/www.incarmed.com\/blog\/#breadcrumb","itemListElement":[{"@type":"ListItem","position":1,"name":"Portada","item":"https:\/\/www.incarmed.com\/blog\/"},{"@type":"ListItem","position":2,"name":"Blog"}]},{"@type":"WebSite","@id":"https:\/\/www.incarmed.com\/blog\/#website","url":"https:\/\/www.incarmed.com\/blog\/","name":"Incarmed","description":"","potentialAction":[{"@type":"SearchAction","target":{"@type":"EntryPoint","urlTemplate":"https:\/\/www.incarmed.com\/blog\/?s={search_term_string}"},"query-input":{"@type":"PropertyValueSpecification","valueRequired":true,"valueName":"search_term_string"}}],"inLanguage":"es"}]}},"_links":{"self":[{"href":"https:\/\/www.incarmed.com\/blog\/wp-json\/wp\/v2\/pages\/603","targetHints":{"allow":["GET"]}}],"collection":[{"href":"https:\/\/www.incarmed.com\/blog\/wp-json\/wp\/v2\/pages"}],"about":[{"href":"https:\/\/www.incarmed.com\/blog\/wp-json\/wp\/v2\/types\/page"}],"author":[{"embeddable":true,"href":"https:\/\/www.incarmed.com\/blog\/wp-json\/wp\/v2\/users\/1"}],"replies":[{"embeddable":true,"href":"https:\/\/www.incarmed.com\/blog\/wp-json\/wp\/v2\/comments?post=603"}],"version-history":[{"count":31,"href":"https:\/\/www.incarmed.com\/blog\/wp-json\/wp\/v2\/pages\/603\/revisions"}],"predecessor-version":[{"id":827,"href":"https:\/\/www.incarmed.com\/blog\/wp-json\/wp\/v2\/pages\/603\/revisions\/827"}],"wp:attachment":[{"href":"https:\/\/www.incarmed.com\/blog\/wp-json\/wp\/v2\/media?parent=603"}],"curies":[{"name":"wp","href":"https:\/\/api.w.org\/{rel}","templated":true}]}}