{"id":1372,"date":"2025-08-19T10:36:39","date_gmt":"2025-08-19T15:36:39","guid":{"rendered":"https:\/\/www.incarmed.com\/equipo-incarmed-ecuador\/"},"modified":"2025-10-23T08:50:47","modified_gmt":"2025-10-23T13:50:47","slug":"equipo-incarmed-peru","status":"publish","type":"page","link":"https:\/\/www.incarmed.com\/es-pe\/equipo-incarmed-peru\/","title":{"rendered":"Equipo incarmed Per\u00fa"},"content":{"rendered":"\t\t<div data-elementor-type=\"wp-page\" data-elementor-id=\"1372\" class=\"elementor elementor-1372\" data-elementor-post-type=\"page\">\n\t\t\t\t\t\t<section class=\"elementor-section elementor-top-section elementor-element elementor-element-ff1dcf1 elementor-section-height-min-height elementor-section-boxed elementor-section-height-default elementor-section-items-middle\" data-id=\"ff1dcf1\" data-element_type=\"section\" data-settings=\"{&quot;jet_parallax_layout_list&quot;:[],&quot;background_background&quot;:&quot;classic&quot;}\">\n\t\t\t\t\t\t\t<div class=\"elementor-background-overlay\"><\/div>\n\t\t\t\t\t\t\t<div class=\"elementor-container elementor-column-gap-default\">\n\t\t\t\t\t<div class=\"elementor-column elementor-col-100 elementor-top-column elementor-element elementor-element-dcc7bb2\" data-id=\"dcc7bb2\" data-element_type=\"column\">\n\t\t\t<div class=\"elementor-widget-wrap elementor-element-populated\">\n\t\t\t\t\t\t<div class=\"elementor-element elementor-element-357c282 elementor-widget elementor-widget-heading\" data-id=\"357c282\" data-element_type=\"widget\" data-widget_type=\"heading.default\">\n\t\t\t\t<div class=\"elementor-widget-container\">\n\t\t\t\t\t<h1 class=\"elementor-heading-title elementor-size-default\">Nosotros \u2013 Incarmed Per\u00fa<\/h1>\t\t\t\t<\/div>\n\t\t\t\t<\/div>\n\t\t\t\t\t<\/div>\n\t\t<\/div>\n\t\t\t\t\t<\/div>\n\t\t<\/section>\n\t\t\t\t<section class=\"elementor-section elementor-top-section elementor-element elementor-element-d4a3067 elementor-section-boxed elementor-section-height-default elementor-section-height-default\" data-id=\"d4a3067\" data-element_type=\"section\" data-settings=\"{&quot;jet_parallax_layout_list&quot;:[]}\">\n\t\t\t\t\t\t<div class=\"elementor-container elementor-column-gap-default\">\n\t\t\t\t\t<div class=\"elementor-column elementor-col-50 elementor-top-column elementor-element elementor-element-4ad0715\" data-id=\"4ad0715\" data-element_type=\"column\" data-settings=\"{&quot;background_background&quot;:&quot;classic&quot;}\">\n\t\t\t<div class=\"elementor-widget-wrap elementor-element-populated\">\n\t\t\t\t\t<div class=\"elementor-background-overlay\"><\/div>\n\t\t\t\t\t\t<div class=\"elementor-element elementor-element-a9df082 elementor-widget elementor-widget-heading\" data-id=\"a9df082\" data-element_type=\"widget\" data-widget_type=\"heading.default\">\n\t\t\t\t<div class=\"elementor-widget-container\">\n\t\t\t\t\t<h2 class=\"elementor-heading-title elementor-size-default\">M\u00e1s que dispositivos m\u00e9dicos, somos aliados en tu tranquilidad<\/h2>\t\t\t\t<\/div>\n\t\t\t\t<\/div>\n\t\t\t\t\t<\/div>\n\t\t<\/div>\n\t\t\t\t<div class=\"elementor-column elementor-col-50 elementor-top-column elementor-element elementor-element-c9c0dba\" data-id=\"c9c0dba\" data-element_type=\"column\">\n\t\t\t<div class=\"elementor-widget-wrap elementor-element-populated\">\n\t\t\t\t\t\t<div class=\"elementor-element elementor-element-678757c elementor-widget elementor-widget-image\" data-id=\"678757c\" data-element_type=\"widget\" data-widget_type=\"image.default\">\n\t\t\t\t<div class=\"elementor-widget-container\">\n\t\t\t\t\t\t\t\t\t\t\t\t\t\t\t<figure><img fetchpriority=\"high\" decoding=\"async\" width=\"333\" height=\"595\" src=\"https:\/\/www.incarmed.com\/wp-content\/uploads\/2025\/08\/Equipo-incarmed-ecuador.jpg\" class=\"attachment-full size-full wp-image-931\" alt=\"Equipo Incarmed Ecuador\" srcset=\"https:\/\/www.incarmed.com\/wp-content\/uploads\/2025\/08\/Equipo-incarmed-ecuador.jpg 333w, https:\/\/www.incarmed.com\/wp-content\/uploads\/2025\/08\/Equipo-incarmed-ecuador-168x300.jpg 168w\" sizes=\"(max-width: 333px) 100vw, 333px\"><figcaption class=\"fc-min\">Equipo Incarmed Ecuador<\/figcaption><\/figure>\n\t\t\t\t\t\t\t\t\t\t\t\t\t\t\t<\/div>\n\t\t\t\t<\/div>\n\t\t\t\t\t<\/div>\n\t\t<\/div>\n\t\t\t\t\t<\/div>\n\t\t<\/section>\n\t\t\t\t<section class=\"elementor-section elementor-top-section elementor-element elementor-element-ea34a16 categorias-inicio equipo elementor-section-boxed elementor-section-height-default elementor-section-height-default\" data-id=\"ea34a16\" data-element_type=\"section\" data-settings=\"{&quot;jet_parallax_layout_list&quot;:[]}\">\n\t\t\t\t\t\t<div class=\"elementor-container elementor-column-gap-default\">\n\t\t\t\t\t<div class=\"elementor-column elementor-col-25 elementor-top-column elementor-element elementor-element-98e1590\" data-id=\"98e1590\" data-element_type=\"column\" data-settings=\"{&quot;background_background&quot;:&quot;classic&quot;}\">\n\t\t\t<div class=\"elementor-widget-wrap elementor-element-populated\">\n\t\t\t\t\t\t<div class=\"elementor-element elementor-element-ee80e41 elementor-widget elementor-widget-image\" data-id=\"ee80e41\" data-element_type=\"widget\" data-widget_type=\"image.default\">\n\t\t\t\t<div class=\"elementor-widget-container\">\n\t\t\t\t\t\t\t\t\t\t\t\t\t\t\t<figure><img decoding=\"async\" width=\"300\" height=\"300\" src=\"https:\/\/www.incarmed.com\/wp-content\/uploads\/2025\/09\/incarmed-equipo-de-peru.png\" class=\"attachment-medium size-medium wp-image-1387\" alt=\"Incarmed Equipo De Peru\" srcset=\"https:\/\/www.incarmed.com\/wp-content\/uploads\/2025\/09\/incarmed-equipo-de-peru.png 300w, https:\/\/www.incarmed.com\/wp-content\/uploads\/2025\/09\/incarmed-equipo-de-peru-150x150.png 150w, https:\/\/www.incarmed.com\/wp-content\/uploads\/2025\/09\/incarmed-equipo-de-peru-100x100.png 100w\" sizes=\"(max-width: 300px) 100vw, 300px\"><figcaption class=\"fc-min\">Incarmed Equipo De Peru<\/figcaption><\/figure>\n\t\t\t\t\t\t\t\t\t\t\t\t\t\t\t<\/div>\n\t\t\t\t<\/div>\n\t\t\t\t<div class=\"elementor-element elementor-element-127ae77 elementor-widget elementor-widget-heading\" data-id=\"127ae77\" data-element_type=\"widget\" data-widget_type=\"heading.default\">\n\t\t\t\t<div class=\"elementor-widget-container\">\n\t\t\t\t\t<h2 class=\"elementor-heading-title elementor-size-default\">Gabriel Novoa <br> Asistente Log\u00edstico<\/h2>\t\t\t\t<\/div>\n\t\t\t\t<\/div>\n\t\t\t\t\t<\/div>\n\t\t<\/div>\n\t\t\t\t<div class=\"elementor-column elementor-col-25 elementor-top-column elementor-element elementor-element-60459c4\" data-id=\"60459c4\" data-element_type=\"column\" data-settings=\"{&quot;background_background&quot;:&quot;classic&quot;}\">\n\t\t\t<div class=\"elementor-widget-wrap elementor-element-populated\">\n\t\t\t\t\t\t<div class=\"elementor-element elementor-element-e4d891d elementor-widget elementor-widget-image\" data-id=\"e4d891d\" data-element_type=\"widget\" data-widget_type=\"image.default\">\n\t\t\t\t<div class=\"elementor-widget-container\">\n\t\t\t\t\t\t\t\t\t\t\t\t\t\t\t<figure><img decoding=\"async\" width=\"300\" height=\"300\" src=\"https:\/\/www.incarmed.com\/wp-content\/uploads\/2025\/09\/equipo-peru-incarmed.png\" class=\"attachment-medium size-medium wp-image-1383\" alt=\"Equipo Peru Incarmed\" srcset=\"https:\/\/www.incarmed.com\/wp-content\/uploads\/2025\/09\/equipo-peru-incarmed.png 300w, https:\/\/www.incarmed.com\/wp-content\/uploads\/2025\/09\/equipo-peru-incarmed-150x150.png 150w, https:\/\/www.incarmed.com\/wp-content\/uploads\/2025\/09\/equipo-peru-incarmed-100x100.png 100w\" sizes=\"(max-width: 300px) 100vw, 300px\"><figcaption class=\"fc-min\">Equipo Peru Incarmed<\/figcaption><\/figure>\n\t\t\t\t\t\t\t\t\t\t\t\t\t\t\t<\/div>\n\t\t\t\t<\/div>\n\t\t\t\t<div class=\"elementor-element elementor-element-a661376 elementor-widget elementor-widget-heading\" data-id=\"a661376\" data-element_type=\"widget\" data-widget_type=\"heading.default\">\n\t\t\t\t<div class=\"elementor-widget-container\">\n\t\t\t\t\t<h2 class=\"elementor-heading-title elementor-size-default\">Carolina moscoso <BR> lider comercial<\/h2>\t\t\t\t<\/div>\n\t\t\t\t<\/div>\n\t\t\t\t\t<\/div>\n\t\t<\/div>\n\t\t\t\t<div class=\"elementor-column elementor-col-25 elementor-top-column elementor-element elementor-element-d2fe2e4\" data-id=\"d2fe2e4\" data-element_type=\"column\" data-settings=\"{&quot;background_background&quot;:&quot;classic&quot;}\">\n\t\t\t<div class=\"elementor-widget-wrap elementor-element-populated\">\n\t\t\t\t\t\t<div class=\"elementor-element elementor-element-85f1a46 elementor-widget elementor-widget-image\" data-id=\"85f1a46\" data-element_type=\"widget\" data-widget_type=\"image.default\">\n\t\t\t\t<div class=\"elementor-widget-container\">\n\t\t\t\t\t\t\t\t\t\t\t\t\t\t\t<figure><img loading=\"lazy\" decoding=\"async\" width=\"300\" height=\"300\" src=\"https:\/\/www.incarmed.com\/wp-content\/uploads\/2025\/09\/incarmed-de-peru-equipo.png\" class=\"attachment-medium size-medium wp-image-1385\" alt=\"Incarmed De Peru Equipo\" srcset=\"https:\/\/www.incarmed.com\/wp-content\/uploads\/2025\/09\/incarmed-de-peru-equipo.png 300w, https:\/\/www.incarmed.com\/wp-content\/uploads\/2025\/09\/incarmed-de-peru-equipo-150x150.png 150w, https:\/\/www.incarmed.com\/wp-content\/uploads\/2025\/09\/incarmed-de-peru-equipo-100x100.png 100w\" sizes=\"(max-width: 300px) 100vw, 300px\"><figcaption class=\"fc-min\">Incarmed De Peru Equipo<\/figcaption><\/figure>\n\t\t\t\t\t\t\t\t\t\t\t\t\t\t\t<\/div>\n\t\t\t\t<\/div>\n\t\t\t\t<div class=\"elementor-element elementor-element-0be0dc4 elementor-widget elementor-widget-heading\" data-id=\"0be0dc4\" data-element_type=\"widget\" data-widget_type=\"heading.default\">\n\t\t\t\t<div class=\"elementor-widget-container\">\n\t\t\t\t\t<h2 class=\"elementor-heading-title elementor-size-default\">Kathia Torres <br>  Lider Administrativa<\/h2>\t\t\t\t<\/div>\n\t\t\t\t<\/div>\n\t\t\t\t\t<\/div>\n\t\t<\/div>\n\t\t\t\t<div class=\"elementor-column elementor-col-25 elementor-top-column elementor-element elementor-element-3d6050e\" data-id=\"3d6050e\" data-element_type=\"column\" data-settings=\"{&quot;background_background&quot;:&quot;classic&quot;}\">\n\t\t\t<div class=\"elementor-widget-wrap elementor-element-populated\">\n\t\t\t\t\t\t<div class=\"elementor-element elementor-element-233f4bb elementor-widget elementor-widget-image\" data-id=\"233f4bb\" data-element_type=\"widget\" data-widget_type=\"image.default\">\n\t\t\t\t<div class=\"elementor-widget-container\">\n\t\t\t\t\t\t\t\t\t\t\t\t\t\t\t<figure><img loading=\"lazy\" decoding=\"async\" width=\"300\" height=\"300\" src=\"https:\/\/www.incarmed.com\/wp-content\/uploads\/2025\/09\/peru-equipo-de-incarmed.png\" class=\"attachment-medium size-medium wp-image-1389\" alt=\"Peru Equipo De Incarmed\" srcset=\"https:\/\/www.incarmed.com\/wp-content\/uploads\/2025\/09\/peru-equipo-de-incarmed.png 300w, https:\/\/www.incarmed.com\/wp-content\/uploads\/2025\/09\/peru-equipo-de-incarmed-150x150.png 150w, https:\/\/www.incarmed.com\/wp-content\/uploads\/2025\/09\/peru-equipo-de-incarmed-100x100.png 100w\" sizes=\"(max-width: 300px) 100vw, 300px\"><figcaption class=\"fc-min\">Peru Equipo De Incarmed<\/figcaption><\/figure>\n\t\t\t\t\t\t\t\t\t\t\t\t\t\t\t<\/div>\n\t\t\t\t<\/div>\n\t\t\t\t<div class=\"elementor-element elementor-element-428a97e elementor-widget elementor-widget-heading\" data-id=\"428a97e\" data-element_type=\"widget\" data-widget_type=\"heading.default\">\n\t\t\t\t<div class=\"elementor-widget-container\">\n\t\t\t\t\t<h2 class=\"elementor-heading-title elementor-size-default\">Alejandra Jimenez <br>  Ejecutiva Comercial<\/h2>\t\t\t\t<\/div>\n\t\t\t\t<\/div>\n\t\t\t\t\t<\/div>\n\t\t<\/div>\n\t\t\t\t\t<\/div>\n\t\t<\/section>\n\t\t\t\t<\/div>\n\t\t","protected":false},"excerpt":{"rendered":"<p>Nosotros \u2013 Incarmed Per\u00fa M\u00e1s que dispositivos m\u00e9dicos, somos aliados en tu tranquilidad Gabriel Novoa Asistente Log\u00edstico Carolina moscoso lider comercial Kathia Torres Lider Administrativa Alejandra Jimenez Ejecutiva Comercial<\/p>\n","protected":false},"author":1,"featured_media":0,"parent":0,"menu_order":0,"comment_status":"closed","ping_status":"closed","template":"","meta":{"footnotes":""},"class_list":["post-1372","page","type-page","status-publish","hentry"],"yoast_head":"<!-- This site is optimized with the Yoast SEO plugin v27.2 - https:\/\/yoast.com\/product\/yoast-seo-wordpress\/ -->\n<title>Equipo incarmed Per\u00fa - Incarmed<\/title>\n<meta name=\"robots\" content=\"noindex, nofollow\" \/>\n<meta property=\"og:locale\" content=\"es_ES\" \/>\n<meta property=\"og:type\" content=\"article\" \/>\n<meta property=\"og:title\" content=\"Equipo incarmed Per\u00fa - Incarmed\" \/>\n<meta property=\"og:description\" content=\"Nosotros \u2013 Incarmed Per\u00fa M\u00e1s que dispositivos m\u00e9dicos, somos aliados en tu tranquilidad Gabriel Novoa Asistente Log\u00edstico Carolina moscoso lider comercial Kathia Torres Lider Administrativa Alejandra Jimenez Ejecutiva Comercial\" \/>\n<meta property=\"og:url\" content=\"https:\/\/www.incarmed.com\/es-pe\/equipo-incarmed-peru\/\" \/>\n<meta property=\"og:site_name\" content=\"Incarmed\" \/>\n<meta property=\"article:modified_time\" content=\"2025-10-23T13:50:47+00:00\" \/>\n<meta property=\"og:image\" content=\"https:\/\/www.incarmed.com\/wp-content\/uploads\/2025\/08\/Equipo-incarmed-ecuador.jpg\" \/>\n\t<meta property=\"og:image:width\" content=\"333\" \/>\n\t<meta property=\"og:image:height\" content=\"595\" \/>\n\t<meta property=\"og:image:type\" content=\"image\/jpeg\" \/>\n<meta name=\"twitter:card\" content=\"summary_large_image\" \/>\n<meta name=\"twitter:label1\" content=\"Est. reading time\" \/>\n\t<meta name=\"twitter:data1\" content=\"2 minutos\" \/>\n<script type=\"application\/ld+json\" class=\"yoast-schema-graph\">{\"@context\":\"https:\/\/schema.org\",\"@graph\":[{\"@type\":\"WebPage\",\"@id\":\"https:\/\/www.incarmed.com\/es-pe\/equipo-incarmed-peru\/\",\"url\":\"https:\/\/www.incarmed.com\/es-pe\/equipo-incarmed-peru\/\",\"name\":\"Equipo incarmed Per\u00fa - Incarmed\",\"isPartOf\":{\"@id\":\"https:\/\/www.incarmed.com\/es-pe\/#website\"},\"primaryImageOfPage\":{\"@id\":\"https:\/\/www.incarmed.com\/es-pe\/equipo-incarmed-peru\/#primaryimage\"},\"image\":{\"@id\":\"https:\/\/www.incarmed.com\/es-pe\/equipo-incarmed-peru\/#primaryimage\"},\"thumbnailUrl\":\"https:\/\/www.incarmed.com\/wp-content\/uploads\/2025\/08\/Equipo-incarmed-ecuador.jpg\",\"datePublished\":\"2025-08-19T15:36:39+00:00\",\"dateModified\":\"2025-10-23T13:50:47+00:00\",\"breadcrumb\":{\"@id\":\"https:\/\/www.incarmed.com\/es-pe\/equipo-incarmed-peru\/#breadcrumb\"},\"inLanguage\":\"es-PE\",\"potentialAction\":[{\"@type\":\"ReadAction\",\"target\":[\"https:\/\/www.incarmed.com\/es-pe\/equipo-incarmed-peru\/\"]}]},{\"@type\":\"ImageObject\",\"inLanguage\":\"es-PE\",\"@id\":\"https:\/\/www.incarmed.com\/es-pe\/equipo-incarmed-peru\/#primaryimage\",\"url\":\"https:\/\/www.incarmed.com\/wp-content\/uploads\/2025\/08\/Equipo-incarmed-ecuador.jpg\",\"contentUrl\":\"https:\/\/www.incarmed.com\/wp-content\/uploads\/2025\/08\/Equipo-incarmed-ecuador.jpg\"},{\"@type\":\"BreadcrumbList\",\"@id\":\"https:\/\/www.incarmed.com\/es-pe\/equipo-incarmed-peru\/#breadcrumb\",\"itemListElement\":[{\"@type\":\"ListItem\",\"position\":1,\"name\":\"Portada\",\"item\":\"https:\/\/www.incarmed.com\/es-pe\/\"},{\"@type\":\"ListItem\",\"position\":2,\"name\":\"Equipo incarmed Per\u00fa\"}]},{\"@type\":\"WebSite\",\"@id\":\"https:\/\/www.incarmed.com\/es-pe\/#website\",\"url\":\"https:\/\/www.incarmed.com\/es-pe\/\",\"name\":\"Incarmed\",\"description\":\"\",\"potentialAction\":[{\"@type\":\"SearchAction\",\"target\":{\"@type\":\"EntryPoint\",\"urlTemplate\":\"https:\/\/www.incarmed.com\/es-pe\/?s={search_term_string}\"},\"query-input\":{\"@type\":\"PropertyValueSpecification\",\"valueRequired\":true,\"valueName\":\"search_term_string\"}}],\"inLanguage\":\"es-PE\"}]}<\/script>\n<!-- \/ Yoast SEO plugin. -->","yoast_head_json":{"title":"Equipo incarmed Per\u00fa - Incarmed","robots":{"index":"noindex","follow":"nofollow"},"og_locale":"es_ES","og_type":"article","og_title":"Equipo incarmed Per\u00fa - Incarmed","og_description":"Nosotros \u2013 Incarmed Per\u00fa M\u00e1s que dispositivos m\u00e9dicos, somos aliados en tu tranquilidad Gabriel Novoa Asistente Log\u00edstico Carolina moscoso lider comercial Kathia Torres Lider Administrativa Alejandra Jimenez Ejecutiva Comercial","og_url":"https:\/\/www.incarmed.com\/es-pe\/equipo-incarmed-peru\/","og_site_name":"Incarmed","article_modified_time":"2025-10-23T13:50:47+00:00","og_image":[{"width":333,"height":595,"url":"https:\/\/www.incarmed.com\/wp-content\/uploads\/2025\/08\/Equipo-incarmed-ecuador.jpg","type":"image\/jpeg"}],"twitter_card":"summary_large_image","twitter_misc":{"Est. reading time":"2 minutos"},"schema":{"@context":"https:\/\/schema.org","@graph":[{"@type":"WebPage","@id":"https:\/\/www.incarmed.com\/es-pe\/equipo-incarmed-peru\/","url":"https:\/\/www.incarmed.com\/es-pe\/equipo-incarmed-peru\/","name":"Equipo incarmed Per\u00fa - Incarmed","isPartOf":{"@id":"https:\/\/www.incarmed.com\/es-pe\/#website"},"primaryImageOfPage":{"@id":"https:\/\/www.incarmed.com\/es-pe\/equipo-incarmed-peru\/#primaryimage"},"image":{"@id":"https:\/\/www.incarmed.com\/es-pe\/equipo-incarmed-peru\/#primaryimage"},"thumbnailUrl":"https:\/\/www.incarmed.com\/wp-content\/uploads\/2025\/08\/Equipo-incarmed-ecuador.jpg","datePublished":"2025-08-19T15:36:39+00:00","dateModified":"2025-10-23T13:50:47+00:00","breadcrumb":{"@id":"https:\/\/www.incarmed.com\/es-pe\/equipo-incarmed-peru\/#breadcrumb"},"inLanguage":"es-PE","potentialAction":[{"@type":"ReadAction","target":["https:\/\/www.incarmed.com\/es-pe\/equipo-incarmed-peru\/"]}]},{"@type":"ImageObject","inLanguage":"es-PE","@id":"https:\/\/www.incarmed.com\/es-pe\/equipo-incarmed-peru\/#primaryimage","url":"https:\/\/www.incarmed.com\/wp-content\/uploads\/2025\/08\/Equipo-incarmed-ecuador.jpg","contentUrl":"https:\/\/www.incarmed.com\/wp-content\/uploads\/2025\/08\/Equipo-incarmed-ecuador.jpg"},{"@type":"BreadcrumbList","@id":"https:\/\/www.incarmed.com\/es-pe\/equipo-incarmed-peru\/#breadcrumb","itemListElement":[{"@type":"ListItem","position":1,"name":"Portada","item":"https:\/\/www.incarmed.com\/es-pe\/"},{"@type":"ListItem","position":2,"name":"Equipo incarmed Per\u00fa"}]},{"@type":"WebSite","@id":"https:\/\/www.incarmed.com\/es-pe\/#website","url":"https:\/\/www.incarmed.com\/es-pe\/","name":"Incarmed","description":"","potentialAction":[{"@type":"SearchAction","target":{"@type":"EntryPoint","urlTemplate":"https:\/\/www.incarmed.com\/es-pe\/?s={search_term_string}"},"query-input":{"@type":"PropertyValueSpecification","valueRequired":true,"valueName":"search_term_string"}}],"inLanguage":"es-PE"}]}},"_links":{"self":[{"href":"https:\/\/www.incarmed.com\/es-pe\/wp-json\/wp\/v2\/pages\/1372","targetHints":{"allow":["GET"]}}],"collection":[{"href":"https:\/\/www.incarmed.com\/es-pe\/wp-json\/wp\/v2\/pages"}],"about":[{"href":"https:\/\/www.incarmed.com\/es-pe\/wp-json\/wp\/v2\/types\/page"}],"author":[{"embeddable":true,"href":"https:\/\/www.incarmed.com\/es-pe\/wp-json\/wp\/v2\/users\/1"}],"replies":[{"embeddable":true,"href":"https:\/\/www.incarmed.com\/es-pe\/wp-json\/wp\/v2\/comments?post=1372"}],"version-history":[{"count":0,"href":"https:\/\/www.incarmed.com\/es-pe\/wp-json\/wp\/v2\/pages\/1372\/revisions"}],"wp:attachment":[{"href":"https:\/\/www.incarmed.com\/es-pe\/wp-json\/wp\/v2\/media?parent=1372"}],"curies":[{"name":"wp","href":"https:\/\/api.w.org\/{rel}","templated":true}]}}