{"id":1753,"date":"2025-10-03T16:02:09","date_gmt":"2025-10-03T21:02:09","guid":{"rendered":"https:\/\/www.incarmed.com\/?page_id=1753"},"modified":"2025-10-03T17:16:34","modified_gmt":"2025-10-03T22:16:34","slug":"mapa-web","status":"publish","type":"page","link":"https:\/\/www.incarmed.com\/es-pe\/mapa-web\/","title":{"rendered":"Mapa web"},"content":{"rendered":"\t\t<div data-elementor-type=\"wp-page\" data-elementor-id=\"1753\" class=\"elementor elementor-1753\" data-elementor-post-type=\"page\">\n\t\t\t\t\t\t<section class=\"elementor-section elementor-top-section elementor-element elementor-element-a5f143e elementor-section-height-min-height elementor-section-boxed elementor-section-height-default elementor-section-items-middle\" data-id=\"a5f143e\" data-element_type=\"section\" data-settings=\"{&quot;jet_parallax_layout_list&quot;:[],&quot;background_background&quot;:&quot;classic&quot;}\">\n\t\t\t\t\t\t\t<div class=\"elementor-background-overlay\"><\/div>\n\t\t\t\t\t\t\t<div class=\"elementor-container elementor-column-gap-default\">\n\t\t\t\t\t<div class=\"elementor-column elementor-col-100 elementor-top-column elementor-element elementor-element-ba6f3b9\" data-id=\"ba6f3b9\" data-element_type=\"column\">\n\t\t\t<div class=\"elementor-widget-wrap elementor-element-populated\">\n\t\t\t\t\t\t<div class=\"elementor-element elementor-element-bf10f74 elementor-widget elementor-widget-heading\" data-id=\"bf10f74\" data-element_type=\"widget\" data-widget_type=\"heading.default\">\n\t\t\t\t<div class=\"elementor-widget-container\">\n\t\t\t\t\t<h1 class=\"elementor-heading-title elementor-size-default\">Explora nuestro mapa web de productos categor\u00edas<\/h1>\t\t\t\t<\/div>\n\t\t\t\t<\/div>\n\t\t\t\t\t<\/div>\n\t\t<\/div>\n\t\t\t\t\t<\/div>\n\t\t<\/section>\n\t\t\t\t<section class=\"elementor-section elementor-top-section elementor-element elementor-element-30e1321 elementor-section-boxed elementor-section-height-default elementor-section-height-default\" data-id=\"30e1321\" data-element_type=\"section\" data-settings=\"{&quot;jet_parallax_layout_list&quot;:[]}\">\n\t\t\t\t\t\t<div class=\"elementor-container elementor-column-gap-default\">\n\t\t\t\t\t<div class=\"elementor-column elementor-col-100 elementor-top-column elementor-element elementor-element-1f6dd55\" data-id=\"1f6dd55\" data-element_type=\"column\">\n\t\t\t<div class=\"elementor-widget-wrap elementor-element-populated\">\n\t\t\t\t\t\t<section class=\"elementor-section elementor-inner-section elementor-element elementor-element-06f943d elementor-section-boxed elementor-section-height-default elementor-section-height-default\" data-id=\"06f943d\" data-element_type=\"section\" data-settings=\"{&quot;jet_parallax_layout_list&quot;:[]}\">\n\t\t\t\t\t\t<div class=\"elementor-container elementor-column-gap-default\">\n\t\t\t\t\t<div class=\"elementor-column elementor-col-33 elementor-inner-column elementor-element elementor-element-939376c\" data-id=\"939376c\" data-element_type=\"column\">\n\t\t\t<div class=\"elementor-widget-wrap elementor-element-populated\">\n\t\t\t\t\t\t<div class=\"elementor-element elementor-element-bfdb67e elementor-widget elementor-widget-heading\" data-id=\"bfdb67e\" data-element_type=\"widget\" data-widget_type=\"heading.default\">\n\t\t\t\t<div class=\"elementor-widget-container\">\n\t\t\t\t\t<h2 class=\"elementor-heading-title elementor-size-default\">Categor\u00edas<\/h2>\t\t\t\t<\/div>\n\t\t\t\t<\/div>\n\t\t\t\t<div class=\"elementor-element elementor-element-7a84799 elementor-widget elementor-widget-shortcode\" data-id=\"7a84799\" data-element_type=\"widget\" data-widget_type=\"shortcode.default\">\n\t\t\t\t<div class=\"elementor-widget-container\">\n\t\t\t\t\t\t\t<div class=\"elementor-shortcode\"><ul class=\"hook-prod-cats\"><li><a href=\"https:\/\/www.incarmed.com\/es-pe\/categoria-producto\/agujas-especializadas-medicos-peru\/\">Agujas especializadas<\/a><\/li><li><a href=\"https:\/\/www.incarmed.com\/es-pe\/categoria-producto\/cateteres-drenaje-peru\/\">Cat\u00e9teres y drenaje<\/a><\/li><li><a href=\"https:\/\/www.incarmed.com\/es-pe\/categoria-producto\/kits-intervencionistas-medicos-peru\/\">Kits intervencionistas<\/a><\/li><li><a href=\"https:\/\/www.incarmed.com\/es-pe\/categoria-producto\/medicina-intensiva\/\">Medicina intensiva<\/a><\/li><\/ul><\/div>\n\t\t\t\t\t\t<\/div>\n\t\t\t\t<\/div>\n\t\t\t\t\t<\/div>\n\t\t<\/div>\n\t\t\t\t<div class=\"elementor-column elementor-col-33 elementor-inner-column elementor-element elementor-element-e3abf3c\" data-id=\"e3abf3c\" data-element_type=\"column\">\n\t\t\t<div class=\"elementor-widget-wrap elementor-element-populated\">\n\t\t\t\t\t\t<div class=\"elementor-element elementor-element-c10604d elementor-widget elementor-widget-heading\" data-id=\"c10604d\" data-element_type=\"widget\" data-widget_type=\"heading.default\">\n\t\t\t\t<div class=\"elementor-widget-container\">\n\t\t\t\t\t<h2 class=\"elementor-heading-title elementor-size-default\">Productos<\/h2>\t\t\t\t<\/div>\n\t\t\t\t<\/div>\n\t\t\t\t<div class=\"elementor-element elementor-element-cbadd6b elementor-widget elementor-widget-shortcode\" data-id=\"cbadd6b\" data-element_type=\"widget\" data-widget_type=\"shortcode.default\">\n\t\t\t\t<div class=\"elementor-widget-container\">\n\t\t\t\t\t\t\t<div class=\"elementor-shortcode\"><ul><li><a href=\"https:\/\/www.incarmed.com\/es-pe\/producto\/aguja-coaxial-peru\/\">Aguja coaxial<\/a><\/li><li><a href=\"https:\/\/www.incarmed.com\/es-pe\/producto\/aguja-aspirado-medula-osea-peru\/\">Aguja de aspirado de m\u00e9dula \u00f3sea<\/a><\/li><li><a href=\"https:\/\/www.incarmed.com\/es-pe\/producto\/aguja-biopsia-medula-osea-peru\/\">Aguja para biopsia de m\u00e9dula \u00f3sea<\/a><\/li><li><a href=\"https:\/\/www.incarmed.com\/es-pe\/producto\/aposito-drain-lock-peru\/\">Ap\u00f3sito Drain Lock<\/a><\/li><li><a href=\"https:\/\/www.incarmed.com\/es-pe\/producto\/autocore-peru\/\">Autocore<\/a><\/li><li><a href=\"https:\/\/www.incarmed.com\/es-pe\/producto\/bolsa-drenaje-ambulatoria-peru\/\">Bolsa de drenaje ambulatoria<\/a><\/li><li><a href=\"https:\/\/www.incarmed.com\/es-pe\/producto\/bolsa-drenaje-hospitalaria-800ml\/\">Bolsa de drenaje hospitalaria<\/a><\/li><li><a href=\"https:\/\/www.incarmed.com\/es-pe\/producto\/cateter-de-drenaje-biliar\/\">Cat\u00e9ter de Drenaje Biliar<\/a><\/li><li><a href=\"https:\/\/www.incarmed.com\/es-pe\/producto\/cateteres-drenaje-multiproposito-pig-tail-peru\/\">Cat\u00e9teres de drenaje multiprop\u00f3sito<\/a><\/li><li><a href=\"https:\/\/www.incarmed.com\/es-pe\/producto\/full-core-original-peru\/\">Full core<\/a><\/li><li><a href=\"https:\/\/www.incarmed.com\/es-pe\/producto\/hook-gw-peru\/\">Hook gw<\/a><\/li><li><a href=\"https:\/\/www.incarmed.com\/es-pe\/producto\/kit-cateter-hemodialisis-peru\/\">Kit de Cat\u00e9ter de Hemodi\u00e1lisis<\/a><\/li><li><a href=\"https:\/\/www.incarmed.com\/es-pe\/producto\/kit-drenaje-biliar-esteril-peru\/\">Kit de Drenaje Biliar<\/a><\/li><li><a href=\"https:\/\/www.incarmed.com\/es-pe\/producto\/kit-nefrostomia-nk1-tecnica-seldinger-peru\/\">KIT DE NEFROSTOM\u00cdA &#8211; NK1 (T\u00e9cnica Seldinger)<\/a><\/li><li><a href=\"https:\/\/www.incarmed.com\/es-pe\/producto\/kit-nefrostomia-nk2-tecnica-micropuncion-peru\/\">KIT DE NEFROSTOM\u00cdA &#8211; NK2 (T\u00e9cnica Micropunci\u00f3n)<\/a><\/li><li><a href=\"https:\/\/www.incarmed.com\/es-pe\/producto\/semi-core-aguja-semiautomatica-biopsia-peru\/\">Semi core<\/a><\/li><li><a href=\"https:\/\/www.incarmed.com\/es-pe\/producto\/set-cateter-venoso-central-peru\/\">Set de cat\u00e9ter venoso central<\/a><\/li><li><a href=\"https:\/\/www.incarmed.com\/es-pe\/producto\/set-cateter-venoso-central-antimicrobial-peru\/\">Set de Cat\u00e9ter Venoso Central Antimicrobial<\/a><\/li><li><a href=\"https:\/\/www.incarmed.com\/es-pe\/producto\/set-de-micropuncion-nk2-peru\/\">Set de Micropunci\u00f3n<\/a><\/li><li><a href=\"https:\/\/www.incarmed.com\/es-pe\/producto\/zero-throw\/\">Zero throw<\/a><\/li><\/ul><\/div>\n\t\t\t\t\t\t<\/div>\n\t\t\t\t<\/div>\n\t\t\t\t\t<\/div>\n\t\t<\/div>\n\t\t\t\t<div class=\"elementor-column elementor-col-33 elementor-inner-column elementor-element elementor-element-fa311e1\" data-id=\"fa311e1\" data-element_type=\"column\">\n\t\t\t<div class=\"elementor-widget-wrap elementor-element-populated\">\n\t\t\t\t\t\t<div class=\"elementor-element elementor-element-ff2a674 elementor-widget elementor-widget-image\" data-id=\"ff2a674\" data-element_type=\"widget\" data-widget_type=\"image.default\">\n\t\t\t\t<div class=\"elementor-widget-container\">\n\t\t\t\t\t\t\t\t\t\t\t\t\t\t\t<figure><img fetchpriority=\"high\" decoding=\"async\" width=\"501\" height=\"498\" src=\"https:\/\/www.incarmed.com\/wp-content\/uploads\/2025\/10\/incarmed-ecuador-porductos-medicos.png\" class=\"attachment-large size-large wp-image-1757\" alt=\"Incarmed Ecuador Porductos Medicos\" srcset=\"https:\/\/www.incarmed.com\/wp-content\/uploads\/2025\/10\/incarmed-ecuador-porductos-medicos.png 501w, https:\/\/www.incarmed.com\/wp-content\/uploads\/2025\/10\/incarmed-ecuador-porductos-medicos-300x298.png 300w, https:\/\/www.incarmed.com\/wp-content\/uploads\/2025\/10\/incarmed-ecuador-porductos-medicos-150x150.png 150w, https:\/\/www.incarmed.com\/wp-content\/uploads\/2025\/10\/incarmed-ecuador-porductos-medicos-100x100.png 100w\" sizes=\"(max-width: 501px) 100vw, 501px\"><figcaption class=\"fc-min\">Incarmed Ecuador Porductos Medicos<\/figcaption><\/figure>\n\t\t\t\t\t\t\t\t\t\t\t\t\t\t\t<\/div>\n\t\t\t\t<\/div>\n\t\t\t\t\t<\/div>\n\t\t<\/div>\n\t\t\t\t\t<\/div>\n\t\t<\/section>\n\t\t\t\t\t<\/div>\n\t\t<\/div>\n\t\t\t\t\t<\/div>\n\t\t<\/section>\n\t\t\t\t<\/div>\n\t\t","protected":false},"excerpt":{"rendered":"<p>Explora nuestro mapa web de productos categor\u00edas Categor\u00edas Productos<\/p>\n","protected":false},"author":1,"featured_media":0,"parent":0,"menu_order":0,"comment_status":"closed","ping_status":"closed","template":"","meta":{"footnotes":""},"class_list":["post-1753","page","type-page","status-publish","hentry"],"yoast_head":"<!-- This site is optimized with the Yoast SEO plugin v27.2 - https:\/\/yoast.com\/product\/yoast-seo-wordpress\/ -->\n<title>Incarmed | Mapa web completo de productos y servicios m\u00e9dicos<\/title>\n<meta name=\"description\" content=\"Explora el mapa web de Incarmed y accede f\u00e1cilmente a todas nuestras categor\u00edas, productos m\u00e9dicos y servicios especializados en un solo lugar.\" \/>\n<meta name=\"robots\" content=\"index, follow, max-snippet:-1, max-image-preview:large, max-video-preview:-1\" \/>\n<link rel=\"canonical\" href=\"https:\/\/www.incarmed.com\/es-pe\/mapa-web\/\" \/>\n<meta property=\"og:locale\" content=\"es_ES\" \/>\n<meta property=\"og:type\" content=\"article\" \/>\n<meta property=\"og:title\" content=\"Incarmed | Mapa web completo de productos y servicios m\u00e9dicos\" \/>\n<meta property=\"og:description\" content=\"Explora el mapa web de Incarmed y accede f\u00e1cilmente a todas nuestras categor\u00edas, productos m\u00e9dicos y servicios especializados en un solo lugar.\" \/>\n<meta property=\"og:url\" content=\"https:\/\/www.incarmed.com\/es-pe\/mapa-web\/\" \/>\n<meta property=\"og:site_name\" content=\"Incarmed\" \/>\n<meta property=\"article:modified_time\" content=\"2025-10-03T22:16:34+00:00\" \/>\n<meta property=\"og:image\" content=\"https:\/\/www.incarmed.com\/wp-content\/uploads\/2025\/10\/incarmed-ecuador-porductos-medicos.png\" \/>\n<meta name=\"twitter:card\" content=\"summary_large_image\" \/>\n<meta name=\"twitter:label1\" content=\"Est. reading time\" \/>\n\t<meta name=\"twitter:data1\" content=\"1 minuto\" \/>\n<script type=\"application\/ld+json\" class=\"yoast-schema-graph\">{\"@context\":\"https:\/\/schema.org\",\"@graph\":[{\"@type\":\"WebPage\",\"@id\":\"https:\/\/www.incarmed.com\/es-pe\/mapa-web\/\",\"url\":\"https:\/\/www.incarmed.com\/es-pe\/mapa-web\/\",\"name\":\"Incarmed | Mapa web completo de productos y servicios m\u00e9dicos\",\"isPartOf\":{\"@id\":\"https:\/\/www.incarmed.com\/es-pe\/#website\"},\"primaryImageOfPage\":{\"@id\":\"https:\/\/www.incarmed.com\/es-pe\/mapa-web\/#primaryimage\"},\"image\":{\"@id\":\"https:\/\/www.incarmed.com\/es-pe\/mapa-web\/#primaryimage\"},\"thumbnailUrl\":\"https:\/\/www.incarmed.com\/wp-content\/uploads\/2025\/10\/incarmed-ecuador-porductos-medicos.png\",\"datePublished\":\"2025-10-03T21:02:09+00:00\",\"dateModified\":\"2025-10-03T22:16:34+00:00\",\"description\":\"Explora el mapa web de Incarmed y accede f\u00e1cilmente a todas nuestras categor\u00edas, productos m\u00e9dicos y servicios especializados en un solo lugar.\",\"breadcrumb\":{\"@id\":\"https:\/\/www.incarmed.com\/es-pe\/mapa-web\/#breadcrumb\"},\"inLanguage\":\"es-PE\",\"potentialAction\":[{\"@type\":\"ReadAction\",\"target\":[\"https:\/\/www.incarmed.com\/es-pe\/mapa-web\/\"]}]},{\"@type\":\"ImageObject\",\"inLanguage\":\"es-PE\",\"@id\":\"https:\/\/www.incarmed.com\/es-pe\/mapa-web\/#primaryimage\",\"url\":\"https:\/\/www.incarmed.com\/wp-content\/uploads\/2025\/10\/incarmed-ecuador-porductos-medicos.png\",\"contentUrl\":\"https:\/\/www.incarmed.com\/wp-content\/uploads\/2025\/10\/incarmed-ecuador-porductos-medicos.png\"},{\"@type\":\"BreadcrumbList\",\"@id\":\"https:\/\/www.incarmed.com\/es-pe\/mapa-web\/#breadcrumb\",\"itemListElement\":[{\"@type\":\"ListItem\",\"position\":1,\"name\":\"Portada\",\"item\":\"https:\/\/www.incarmed.com\/es-pe\/\"},{\"@type\":\"ListItem\",\"position\":2,\"name\":\"Mapa web\"}]},{\"@type\":\"WebSite\",\"@id\":\"https:\/\/www.incarmed.com\/es-pe\/#website\",\"url\":\"https:\/\/www.incarmed.com\/es-pe\/\",\"name\":\"Incarmed\",\"description\":\"\",\"potentialAction\":[{\"@type\":\"SearchAction\",\"target\":{\"@type\":\"EntryPoint\",\"urlTemplate\":\"https:\/\/www.incarmed.com\/es-pe\/?s={search_term_string}\"},\"query-input\":{\"@type\":\"PropertyValueSpecification\",\"valueRequired\":true,\"valueName\":\"search_term_string\"}}],\"inLanguage\":\"es-PE\"}]}<\/script>\n<!-- \/ Yoast SEO plugin. -->","yoast_head_json":{"title":"Incarmed | Mapa web completo de productos y servicios m\u00e9dicos","description":"Explora el mapa web de Incarmed y accede f\u00e1cilmente a todas nuestras categor\u00edas, productos m\u00e9dicos y servicios especializados en un solo lugar.","robots":{"index":"index","follow":"follow","max-snippet":"max-snippet:-1","max-image-preview":"max-image-preview:large","max-video-preview":"max-video-preview:-1"},"canonical":"https:\/\/www.incarmed.com\/es-pe\/mapa-web\/","og_locale":"es_ES","og_type":"article","og_title":"Incarmed | Mapa web completo de productos y servicios m\u00e9dicos","og_description":"Explora el mapa web de Incarmed y accede f\u00e1cilmente a todas nuestras categor\u00edas, productos m\u00e9dicos y servicios especializados en un solo lugar.","og_url":"https:\/\/www.incarmed.com\/es-pe\/mapa-web\/","og_site_name":"Incarmed","article_modified_time":"2025-10-03T22:16:34+00:00","og_image":[{"url":"https:\/\/www.incarmed.com\/wp-content\/uploads\/2025\/10\/incarmed-ecuador-porductos-medicos.png","type":"","width":"","height":""}],"twitter_card":"summary_large_image","twitter_misc":{"Est. reading time":"1 minuto"},"schema":{"@context":"https:\/\/schema.org","@graph":[{"@type":"WebPage","@id":"https:\/\/www.incarmed.com\/es-pe\/mapa-web\/","url":"https:\/\/www.incarmed.com\/es-pe\/mapa-web\/","name":"Incarmed | Mapa web completo de productos y servicios m\u00e9dicos","isPartOf":{"@id":"https:\/\/www.incarmed.com\/es-pe\/#website"},"primaryImageOfPage":{"@id":"https:\/\/www.incarmed.com\/es-pe\/mapa-web\/#primaryimage"},"image":{"@id":"https:\/\/www.incarmed.com\/es-pe\/mapa-web\/#primaryimage"},"thumbnailUrl":"https:\/\/www.incarmed.com\/wp-content\/uploads\/2025\/10\/incarmed-ecuador-porductos-medicos.png","datePublished":"2025-10-03T21:02:09+00:00","dateModified":"2025-10-03T22:16:34+00:00","description":"Explora el mapa web de Incarmed y accede f\u00e1cilmente a todas nuestras categor\u00edas, productos m\u00e9dicos y servicios especializados en un solo lugar.","breadcrumb":{"@id":"https:\/\/www.incarmed.com\/es-pe\/mapa-web\/#breadcrumb"},"inLanguage":"es-PE","potentialAction":[{"@type":"ReadAction","target":["https:\/\/www.incarmed.com\/es-pe\/mapa-web\/"]}]},{"@type":"ImageObject","inLanguage":"es-PE","@id":"https:\/\/www.incarmed.com\/es-pe\/mapa-web\/#primaryimage","url":"https:\/\/www.incarmed.com\/wp-content\/uploads\/2025\/10\/incarmed-ecuador-porductos-medicos.png","contentUrl":"https:\/\/www.incarmed.com\/wp-content\/uploads\/2025\/10\/incarmed-ecuador-porductos-medicos.png"},{"@type":"BreadcrumbList","@id":"https:\/\/www.incarmed.com\/es-pe\/mapa-web\/#breadcrumb","itemListElement":[{"@type":"ListItem","position":1,"name":"Portada","item":"https:\/\/www.incarmed.com\/es-pe\/"},{"@type":"ListItem","position":2,"name":"Mapa web"}]},{"@type":"WebSite","@id":"https:\/\/www.incarmed.com\/es-pe\/#website","url":"https:\/\/www.incarmed.com\/es-pe\/","name":"Incarmed","description":"","potentialAction":[{"@type":"SearchAction","target":{"@type":"EntryPoint","urlTemplate":"https:\/\/www.incarmed.com\/es-pe\/?s={search_term_string}"},"query-input":{"@type":"PropertyValueSpecification","valueRequired":true,"valueName":"search_term_string"}}],"inLanguage":"es-PE"}]}},"_links":{"self":[{"href":"https:\/\/www.incarmed.com\/es-pe\/wp-json\/wp\/v2\/pages\/1753","targetHints":{"allow":["GET"]}}],"collection":[{"href":"https:\/\/www.incarmed.com\/es-pe\/wp-json\/wp\/v2\/pages"}],"about":[{"href":"https:\/\/www.incarmed.com\/es-pe\/wp-json\/wp\/v2\/types\/page"}],"author":[{"embeddable":true,"href":"https:\/\/www.incarmed.com\/es-pe\/wp-json\/wp\/v2\/users\/1"}],"replies":[{"embeddable":true,"href":"https:\/\/www.incarmed.com\/es-pe\/wp-json\/wp\/v2\/comments?post=1753"}],"version-history":[{"count":0,"href":"https:\/\/www.incarmed.com\/es-pe\/wp-json\/wp\/v2\/pages\/1753\/revisions"}],"wp:attachment":[{"href":"https:\/\/www.incarmed.com\/es-pe\/wp-json\/wp\/v2\/media?parent=1753"}],"curies":[{"name":"wp","href":"https:\/\/api.w.org\/{rel}","templated":true}]}}