{"id":1045,"date":"2025-08-26T18:53:39","date_gmt":"2025-08-26T23:53:39","guid":{"rendered":"https:\/\/www.incarmed.com\/?post_type=product&#038;p=1045"},"modified":"2026-01-04T13:20:36","modified_gmt":"2026-01-04T18:20:36","slug":"zero-throw","status":"publish","type":"product","link":"https:\/\/www.incarmed.com\/es-pe\/producto\/zero-throw\/","title":{"rendered":"Zero throw"},"content":{"rendered":"<p>\u00bfBuscas precisi\u00f3n, seguridad y tecnolog\u00eda avanzada en un solo dispositivo? Con <strong>Zero Throw <\/strong>encuentras una herramienta confiable para resultados profesionales. Dise\u00f1ada con agujas autom\u00e1ticas programables, esta versi\u00f3n cuenta con <strong>tres modos de trabajo<\/strong>: autom\u00e1tico, retardado y tiro cero, lo que permite adaptarse a diferentes necesidades sin perder eficacia.<\/p>\n<p>La longitud de avance puede ajustarse de manera continua entre 14 y 24 mm, garantizando control total sobre el proceso. Adem\u00e1s, incorpora un <strong>sistema de cuatro resortes internos<\/strong> que brindan mayor fuerza y seguridad en cada disparo, asegurando un rendimiento estable y de confianza.<\/p>\n<p>Si est\u00e1s pensando en <strong>comprar Zero Throw<\/strong> y buscas la mejor opci\u00f3n en el mercado, aqu\u00ed encuentras el <strong>Zero Throw original<\/strong> y <strong>producto oficial<\/strong> con todas las garant\u00edas. Contamos con <strong>venta online<\/strong>, distribuci\u00f3n confiable y opciones de <strong>delivery en Per\u00fa<\/strong>, para que recibas tu pedido de forma r\u00e1pida y segura.<\/p>\n<p>Ya sea que quieras comparar el <strong>precio de Zero Throw en soles<\/strong>, aprovechar una <strong>oferta exclusiva<\/strong> o simplemente verificar <strong>d\u00f3nde comprar Zero Throw en Per\u00fa<\/strong>, aqu\u00ed tienes la seguridad de acceder a un <strong>distribuidor oficial<\/strong> que respalda tu inversi\u00f3n.<\/p>\n<p>En Lima y en todo el pa\u00eds, puedes obtener tu <strong>Zero Throw original con garant\u00eda<\/strong>, asegur\u00e1ndote un producto aut\u00e9ntico que marcar\u00e1 la diferencia en tu trabajo.<\/p>\n","protected":false},"excerpt":{"rendered":"<p><strong>Zero Throw <\/strong>es un dispositivo de agujas autom\u00e1ticas programables con 3 modos (autom\u00e1tico, retardado y tiro cero). Ofrece longitud de avance ajustable de 14 a 24 mm y un dise\u00f1o de cuatro resortes internos que garantizan fuerza, precisi\u00f3n y seguridad en cada uso.<\/p>\n","protected":false},"featured_media":2068,"comment_status":"open","ping_status":"closed","template":"","meta":[],"product_brand":[],"product_cat":[46],"product_tag":[],"class_list":{"0":"post-1045","1":"product","2":"type-product","3":"status-publish","4":"has-post-thumbnail","6":"product_cat-agujas-especializadas-medicos-peru","8":"first","9":"instock","10":"shipping-taxable","11":"product-type-simple"},"yoast_head":"<!-- This site is optimized with the Yoast SEO plugin v27.2 - https:\/\/yoast.com\/product\/yoast-seo-wordpress\/ -->\n<title>Zero Throw Per\u00fa \u2013 Dispositivo de agujas autom\u00e1ticas programable<\/title>\n<meta name=\"description\" content=\"Zero Throw Per\u00fa: agujas autom\u00e1ticas con 3 modos, avance 14\u201324 mm y sistema de 4 resortes para m\u00e1xima precisi\u00f3n y seguridad.\" \/>\n<meta name=\"robots\" content=\"index, follow, max-snippet:-1, max-image-preview:large, max-video-preview:-1\" \/>\n<link rel=\"canonical\" href=\"https:\/\/www.incarmed.com\/es-pe\/producto\/zero-throw\/\" \/>\n<meta property=\"og:locale\" content=\"es_ES\" \/>\n<meta property=\"og:type\" content=\"article\" \/>\n<meta property=\"og:title\" content=\"Zero Throw Per\u00fa \u2013 Dispositivo de agujas autom\u00e1ticas programable\" \/>\n<meta property=\"og:description\" content=\"Zero Throw Per\u00fa: agujas autom\u00e1ticas con 3 modos, avance 14\u201324 mm y sistema de 4 resortes para m\u00e1xima precisi\u00f3n y seguridad.\" \/>\n<meta property=\"og:url\" content=\"https:\/\/www.incarmed.com\/es-pe\/producto\/zero-throw\/\" \/>\n<meta property=\"og:site_name\" content=\"Incarmed\" \/>\n<meta property=\"article:modified_time\" content=\"2026-01-04T18:20:36+00:00\" \/>\n<meta property=\"og:image\" content=\"https:\/\/www.incarmed.com\/wp-content\/uploads\/2025\/11\/ZERO-THROW.png\" \/>\n\t<meta property=\"og:image:width\" content=\"2160\" \/>\n\t<meta property=\"og:image:height\" content=\"2160\" \/>\n\t<meta property=\"og:image:type\" content=\"image\/png\" \/>\n<meta name=\"twitter:card\" content=\"summary_large_image\" \/>\n<meta name=\"twitter:label1\" content=\"Est. reading time\" \/>\n\t<meta name=\"twitter:data1\" content=\"2 minutos\" \/>\n<script type=\"application\/ld+json\" class=\"yoast-schema-graph\">{\"@context\":\"https:\/\/schema.org\",\"@graph\":[{\"@type\":\"WebPage\",\"@id\":\"https:\/\/www.incarmed.com\/es-pe\/producto\/zero-throw\/\",\"url\":\"https:\/\/www.incarmed.com\/es-pe\/producto\/zero-throw\/\",\"name\":\"Zero Throw Per\u00fa \u2013 Dispositivo de agujas autom\u00e1ticas programable\",\"isPartOf\":{\"@id\":\"https:\/\/www.incarmed.com\/es-pe\/#website\"},\"primaryImageOfPage\":{\"@id\":\"https:\/\/www.incarmed.com\/es-pe\/producto\/zero-throw\/#primaryimage\"},\"image\":{\"@id\":\"https:\/\/www.incarmed.com\/es-pe\/producto\/zero-throw\/#primaryimage\"},\"thumbnailUrl\":\"https:\/\/www.incarmed.com\/wp-content\/uploads\/2025\/11\/ZERO-THROW.png\",\"datePublished\":\"2025-08-26T23:53:39+00:00\",\"dateModified\":\"2026-01-04T18:20:36+00:00\",\"description\":\"Zero Throw Per\u00fa: agujas autom\u00e1ticas con 3 modos, avance 14\u201324 mm y sistema de 4 resortes para m\u00e1xima precisi\u00f3n y seguridad.\",\"breadcrumb\":{\"@id\":\"https:\/\/www.incarmed.com\/es-pe\/producto\/zero-throw\/#breadcrumb\"},\"inLanguage\":\"es-PE\",\"potentialAction\":[{\"@type\":\"ReadAction\",\"target\":[\"https:\/\/www.incarmed.com\/es-pe\/producto\/zero-throw\/\"]}]},{\"@type\":\"ImageObject\",\"inLanguage\":\"es-PE\",\"@id\":\"https:\/\/www.incarmed.com\/es-pe\/producto\/zero-throw\/#primaryimage\",\"url\":\"https:\/\/www.incarmed.com\/wp-content\/uploads\/2025\/11\/ZERO-THROW.png\",\"contentUrl\":\"https:\/\/www.incarmed.com\/wp-content\/uploads\/2025\/11\/ZERO-THROW.png\",\"width\":2160,\"height\":2160,\"caption\":\"ZERO THROW\"},{\"@type\":\"BreadcrumbList\",\"@id\":\"https:\/\/www.incarmed.com\/es-pe\/producto\/zero-throw\/#breadcrumb\",\"itemListElement\":[{\"@type\":\"ListItem\",\"position\":1,\"name\":\"Portada\",\"item\":\"https:\/\/www.incarmed.com\/es-pe\/\"},{\"@type\":\"ListItem\",\"position\":2,\"name\":\"Tienda\",\"item\":\"https:\/\/www.incarmed.com\/tienda\/\"},{\"@type\":\"ListItem\",\"position\":3,\"name\":\"Zero throw\"}]},{\"@type\":\"WebSite\",\"@id\":\"https:\/\/www.incarmed.com\/es-pe\/#website\",\"url\":\"https:\/\/www.incarmed.com\/es-pe\/\",\"name\":\"Incarmed\",\"description\":\"\",\"potentialAction\":[{\"@type\":\"SearchAction\",\"target\":{\"@type\":\"EntryPoint\",\"urlTemplate\":\"https:\/\/www.incarmed.com\/es-pe\/?s={search_term_string}\"},\"query-input\":{\"@type\":\"PropertyValueSpecification\",\"valueRequired\":true,\"valueName\":\"search_term_string\"}}],\"inLanguage\":\"es-PE\"}]}<\/script>\n<!-- \/ Yoast SEO plugin. -->","yoast_head_json":{"title":"Zero Throw Per\u00fa \u2013 Dispositivo de agujas autom\u00e1ticas programable","description":"Zero Throw Per\u00fa: agujas autom\u00e1ticas con 3 modos, avance 14\u201324 mm y sistema de 4 resortes para m\u00e1xima precisi\u00f3n y seguridad.","robots":{"index":"index","follow":"follow","max-snippet":"max-snippet:-1","max-image-preview":"max-image-preview:large","max-video-preview":"max-video-preview:-1"},"canonical":"https:\/\/www.incarmed.com\/es-pe\/producto\/zero-throw\/","og_locale":"es_ES","og_type":"article","og_title":"Zero Throw Per\u00fa \u2013 Dispositivo de agujas autom\u00e1ticas programable","og_description":"Zero Throw Per\u00fa: agujas autom\u00e1ticas con 3 modos, avance 14\u201324 mm y sistema de 4 resortes para m\u00e1xima precisi\u00f3n y seguridad.","og_url":"https:\/\/www.incarmed.com\/es-pe\/producto\/zero-throw\/","og_site_name":"Incarmed","article_modified_time":"2026-01-04T18:20:36+00:00","og_image":[{"width":2160,"height":2160,"url":"https:\/\/www.incarmed.com\/wp-content\/uploads\/2025\/11\/ZERO-THROW.png","type":"image\/png"}],"twitter_card":"summary_large_image","twitter_misc":{"Est. reading time":"2 minutos"},"schema":{"@context":"https:\/\/schema.org","@graph":[{"@type":"WebPage","@id":"https:\/\/www.incarmed.com\/es-pe\/producto\/zero-throw\/","url":"https:\/\/www.incarmed.com\/es-pe\/producto\/zero-throw\/","name":"Zero Throw Per\u00fa \u2013 Dispositivo de agujas autom\u00e1ticas programable","isPartOf":{"@id":"https:\/\/www.incarmed.com\/es-pe\/#website"},"primaryImageOfPage":{"@id":"https:\/\/www.incarmed.com\/es-pe\/producto\/zero-throw\/#primaryimage"},"image":{"@id":"https:\/\/www.incarmed.com\/es-pe\/producto\/zero-throw\/#primaryimage"},"thumbnailUrl":"https:\/\/www.incarmed.com\/wp-content\/uploads\/2025\/11\/ZERO-THROW.png","datePublished":"2025-08-26T23:53:39+00:00","dateModified":"2026-01-04T18:20:36+00:00","description":"Zero Throw Per\u00fa: agujas autom\u00e1ticas con 3 modos, avance 14\u201324 mm y sistema de 4 resortes para m\u00e1xima precisi\u00f3n y seguridad.","breadcrumb":{"@id":"https:\/\/www.incarmed.com\/es-pe\/producto\/zero-throw\/#breadcrumb"},"inLanguage":"es-PE","potentialAction":[{"@type":"ReadAction","target":["https:\/\/www.incarmed.com\/es-pe\/producto\/zero-throw\/"]}]},{"@type":"ImageObject","inLanguage":"es-PE","@id":"https:\/\/www.incarmed.com\/es-pe\/producto\/zero-throw\/#primaryimage","url":"https:\/\/www.incarmed.com\/wp-content\/uploads\/2025\/11\/ZERO-THROW.png","contentUrl":"https:\/\/www.incarmed.com\/wp-content\/uploads\/2025\/11\/ZERO-THROW.png","width":2160,"height":2160,"caption":"ZERO THROW"},{"@type":"BreadcrumbList","@id":"https:\/\/www.incarmed.com\/es-pe\/producto\/zero-throw\/#breadcrumb","itemListElement":[{"@type":"ListItem","position":1,"name":"Portada","item":"https:\/\/www.incarmed.com\/es-pe\/"},{"@type":"ListItem","position":2,"name":"Tienda","item":"https:\/\/www.incarmed.com\/tienda\/"},{"@type":"ListItem","position":3,"name":"Zero throw"}]},{"@type":"WebSite","@id":"https:\/\/www.incarmed.com\/es-pe\/#website","url":"https:\/\/www.incarmed.com\/es-pe\/","name":"Incarmed","description":"","potentialAction":[{"@type":"SearchAction","target":{"@type":"EntryPoint","urlTemplate":"https:\/\/www.incarmed.com\/es-pe\/?s={search_term_string}"},"query-input":{"@type":"PropertyValueSpecification","valueRequired":true,"valueName":"search_term_string"}}],"inLanguage":"es-PE"}]}},"_links":{"self":[{"href":"https:\/\/www.incarmed.com\/es-pe\/wp-json\/wp\/v2\/product\/1045","targetHints":{"allow":["GET"]}}],"collection":[{"href":"https:\/\/www.incarmed.com\/es-pe\/wp-json\/wp\/v2\/product"}],"about":[{"href":"https:\/\/www.incarmed.com\/es-pe\/wp-json\/wp\/v2\/types\/product"}],"replies":[{"embeddable":true,"href":"https:\/\/www.incarmed.com\/es-pe\/wp-json\/wp\/v2\/comments?post=1045"}],"wp:featuredmedia":[{"embeddable":true,"href":"https:\/\/www.incarmed.com\/es-pe\/wp-json\/wp\/v2\/media\/2068"}],"wp:attachment":[{"href":"https:\/\/www.incarmed.com\/es-pe\/wp-json\/wp\/v2\/media?parent=1045"}],"wp:term":[{"taxonomy":"product_brand","embeddable":true,"href":"https:\/\/www.incarmed.com\/es-pe\/wp-json\/wp\/v2\/product_brand?post=1045"},{"taxonomy":"product_cat","embeddable":true,"href":"https:\/\/www.incarmed.com\/es-pe\/wp-json\/wp\/v2\/product_cat?post=1045"},{"taxonomy":"product_tag","embeddable":true,"href":"https:\/\/www.incarmed.com\/es-pe\/wp-json\/wp\/v2\/product_tag?post=1045"}],"curies":[{"name":"wp","href":"https:\/\/api.w.org\/{rel}","templated":true}]}}