{"id":1053,"date":"2025-08-26T19:01:04","date_gmt":"2025-08-27T00:01:04","guid":{"rendered":"https:\/\/www.incarmed.com\/?post_type=product&#038;p=1053"},"modified":"2026-01-04T13:23:48","modified_gmt":"2026-01-04T18:23:48","slug":"semi-core-aguja-semiautomatica-biopsia-peru","status":"publish","type":"product","link":"https:\/\/www.incarmed.com\/es-pe\/producto\/semi-core-aguja-semiautomatica-biopsia-peru\/","title":{"rendered":"Semi core"},"content":{"rendered":"<p>El <strong>Semi Core original<\/strong> es una soluci\u00f3n confiable y precisa para procedimientos m\u00e9dicos especializados. Se trata de <strong>agujas semi autom\u00e1ticas para biopsia<\/strong>, dise\u00f1adas para ofrecer seguridad y eficiencia en estudios guiados por ultrasonido. Gracias a su <strong>punta biselada<\/strong> y a las marcas cada cent\u00edmetro, el especialista obtiene mayor control durante la toma de muestras, optimizando la exactitud del diagn\u00f3stico.<\/p>\n<p>Si buscas <strong>Semi Core en Per\u00fa<\/strong>, aqu\u00ed encontrar\u00e1s la <strong>marca oficial<\/strong> con la garant\u00eda de un <strong>distribuidor autorizado<\/strong>. Su dise\u00f1o ergon\u00f3mico permite un uso sencillo tanto en aplicaciones con <strong>aguja coaxial<\/strong> como en diferentes contextos cl\u00ednicos. Esto lo convierte en un <strong>producto exclusivo<\/strong>, reconocido por su <strong>calidad premium<\/strong> y confiabilidad en el \u00e1rea de la salud.<\/p>\n<p>En nuestra <strong>tienda online<\/strong> podr\u00e1s <strong>comprar Semi Core<\/strong> con total confianza. Ponemos a tu alcance la <strong>\u00faltima colecci\u00f3n<\/strong> de modelos, con diferentes medidas y presentaciones para ajustarse a cada necesidad m\u00e9dica. Adem\u00e1s, ofrecemos opciones de <strong>venta directa<\/strong>, lo que asegura <strong>disponibilidad inmediata<\/strong> y un <strong>precio competitivo<\/strong> en el mercado peruano.<\/p>\n<p>Nuestro <strong>cat\u00e1logo de Semi Core<\/strong> incluye varias referencias adaptadas a distintos procedimientos. M\u00e9dicos y cl\u00ednicas en toda Latinoam\u00e9rica confirman en sus <strong>rese\u00f1as<\/strong> y <strong>opiniones<\/strong> la eficacia del dispositivo, destacando su precisi\u00f3n y practicidad.<\/p>\n<p>Si deseas adquirir un dispositivo confiable para tu instituci\u00f3n m\u00e9dica, este es el momento de aprovechar nuestra <strong>oferta<\/strong> de lanzamiento y garantizar que trabajas siempre con equipos de la m\u00e1s alta calidad.<\/p>\n","protected":false},"excerpt":{"rendered":"<p><strong>Semi Core original<\/strong>: aguja semi autom\u00e1tica para biopsia con <strong>punta biselada<\/strong> y marcas cada cent\u00edmetro. Compatible con aguja coaxial.<br \/>\n<strong>Disponibilidad inmediata en Per\u00fa<\/strong> con <strong>distribuidor autorizado<\/strong>, <strong>calidad premium<\/strong> y <strong>precio competitivo<\/strong>.<\/p>\n","protected":false},"featured_media":1055,"comment_status":"open","ping_status":"closed","template":"","meta":[],"product_brand":[],"product_cat":[],"product_tag":[],"class_list":{"0":"post-1053","1":"product","2":"type-product","3":"status-publish","4":"has-post-thumbnail","7":"first","8":"instock","9":"shipping-taxable","10":"product-type-simple"},"yoast_head":"<!-- This site is optimized with the Yoast SEO plugin v27.2 - https:\/\/yoast.com\/product\/yoast-seo-wordpress\/ -->\n<title>Semi Core | Aguja Semiautom\u00e1tica para Biopsia en Per\u00fa<\/title>\n<meta name=\"description\" content=\"Semi Core | Aguja Semiautom\u00e1tica para Biopsia en Per\u00fa\" \/>\n<meta name=\"robots\" content=\"index, follow, max-snippet:-1, max-image-preview:large, max-video-preview:-1\" \/>\n<link rel=\"canonical\" href=\"https:\/\/www.incarmed.com\/es-pe\/producto\/semi-core-aguja-semiautomatica-biopsia-peru\/\" \/>\n<meta property=\"og:locale\" content=\"es_ES\" \/>\n<meta property=\"og:type\" content=\"article\" \/>\n<meta property=\"og:title\" content=\"Semi Core | Aguja Semiautom\u00e1tica para Biopsia en Per\u00fa\" \/>\n<meta property=\"og:description\" content=\"Semi Core | Aguja Semiautom\u00e1tica para Biopsia en Per\u00fa\" \/>\n<meta property=\"og:url\" content=\"https:\/\/www.incarmed.com\/es-pe\/producto\/semi-core-aguja-semiautomatica-biopsia-peru\/\" \/>\n<meta property=\"og:site_name\" content=\"Incarmed\" \/>\n<meta property=\"article:modified_time\" content=\"2026-01-04T18:23:48+00:00\" \/>\n<meta property=\"og:image\" content=\"https:\/\/www.incarmed.com\/wp-content\/uploads\/2025\/08\/SEMI-CORE-incamed-peru.jpg\" \/>\n\t<meta property=\"og:image:width\" content=\"388\" \/>\n\t<meta property=\"og:image:height\" content=\"389\" \/>\n\t<meta property=\"og:image:type\" content=\"image\/jpeg\" \/>\n<meta name=\"twitter:card\" content=\"summary_large_image\" \/>\n<meta name=\"twitter:label1\" content=\"Est. reading time\" \/>\n\t<meta name=\"twitter:data1\" content=\"2 minutos\" \/>\n<script type=\"application\/ld+json\" class=\"yoast-schema-graph\">{\"@context\":\"https:\/\/schema.org\",\"@graph\":[{\"@type\":\"WebPage\",\"@id\":\"https:\/\/www.incarmed.com\/es-pe\/producto\/semi-core-aguja-semiautomatica-biopsia-peru\/\",\"url\":\"https:\/\/www.incarmed.com\/es-pe\/producto\/semi-core-aguja-semiautomatica-biopsia-peru\/\",\"name\":\"Semi Core | Aguja Semiautom\u00e1tica para Biopsia en Per\u00fa\",\"isPartOf\":{\"@id\":\"https:\/\/www.incarmed.com\/es-pe\/#website\"},\"primaryImageOfPage\":{\"@id\":\"https:\/\/www.incarmed.com\/es-pe\/producto\/semi-core-aguja-semiautomatica-biopsia-peru\/#primaryimage\"},\"image\":{\"@id\":\"https:\/\/www.incarmed.com\/es-pe\/producto\/semi-core-aguja-semiautomatica-biopsia-peru\/#primaryimage\"},\"thumbnailUrl\":\"https:\/\/www.incarmed.com\/wp-content\/uploads\/2025\/08\/SEMI-CORE-incamed-peru.jpg\",\"datePublished\":\"2025-08-27T00:01:04+00:00\",\"dateModified\":\"2026-01-04T18:23:48+00:00\",\"description\":\"Semi Core | Aguja Semiautom\u00e1tica para Biopsia en Per\u00fa\",\"breadcrumb\":{\"@id\":\"https:\/\/www.incarmed.com\/es-pe\/producto\/semi-core-aguja-semiautomatica-biopsia-peru\/#breadcrumb\"},\"inLanguage\":\"es-PE\",\"potentialAction\":[{\"@type\":\"ReadAction\",\"target\":[\"https:\/\/www.incarmed.com\/es-pe\/producto\/semi-core-aguja-semiautomatica-biopsia-peru\/\"]}]},{\"@type\":\"ImageObject\",\"inLanguage\":\"es-PE\",\"@id\":\"https:\/\/www.incarmed.com\/es-pe\/producto\/semi-core-aguja-semiautomatica-biopsia-peru\/#primaryimage\",\"url\":\"https:\/\/www.incarmed.com\/wp-content\/uploads\/2025\/08\/SEMI-CORE-incamed-peru.jpg\",\"contentUrl\":\"https:\/\/www.incarmed.com\/wp-content\/uploads\/2025\/08\/SEMI-CORE-incamed-peru.jpg\",\"width\":388,\"height\":389,\"caption\":\"SEMI CORE Incamed Peru\"},{\"@type\":\"BreadcrumbList\",\"@id\":\"https:\/\/www.incarmed.com\/es-pe\/producto\/semi-core-aguja-semiautomatica-biopsia-peru\/#breadcrumb\",\"itemListElement\":[{\"@type\":\"ListItem\",\"position\":1,\"name\":\"Portada\",\"item\":\"https:\/\/www.incarmed.com\/es-pe\/\"},{\"@type\":\"ListItem\",\"position\":2,\"name\":\"Tienda\",\"item\":\"https:\/\/www.incarmed.com\/tienda\/\"},{\"@type\":\"ListItem\",\"position\":3,\"name\":\"Semi core\"}]},{\"@type\":\"WebSite\",\"@id\":\"https:\/\/www.incarmed.com\/es-pe\/#website\",\"url\":\"https:\/\/www.incarmed.com\/es-pe\/\",\"name\":\"Incarmed\",\"description\":\"\",\"potentialAction\":[{\"@type\":\"SearchAction\",\"target\":{\"@type\":\"EntryPoint\",\"urlTemplate\":\"https:\/\/www.incarmed.com\/es-pe\/?s={search_term_string}\"},\"query-input\":{\"@type\":\"PropertyValueSpecification\",\"valueRequired\":true,\"valueName\":\"search_term_string\"}}],\"inLanguage\":\"es-PE\"}]}<\/script>\n<!-- \/ Yoast SEO plugin. -->","yoast_head_json":{"title":"Semi Core | Aguja Semiautom\u00e1tica para Biopsia en Per\u00fa","description":"Semi Core | Aguja Semiautom\u00e1tica para Biopsia en Per\u00fa","robots":{"index":"index","follow":"follow","max-snippet":"max-snippet:-1","max-image-preview":"max-image-preview:large","max-video-preview":"max-video-preview:-1"},"canonical":"https:\/\/www.incarmed.com\/es-pe\/producto\/semi-core-aguja-semiautomatica-biopsia-peru\/","og_locale":"es_ES","og_type":"article","og_title":"Semi Core | Aguja Semiautom\u00e1tica para Biopsia en Per\u00fa","og_description":"Semi Core | Aguja Semiautom\u00e1tica para Biopsia en Per\u00fa","og_url":"https:\/\/www.incarmed.com\/es-pe\/producto\/semi-core-aguja-semiautomatica-biopsia-peru\/","og_site_name":"Incarmed","article_modified_time":"2026-01-04T18:23:48+00:00","og_image":[{"width":388,"height":389,"url":"https:\/\/www.incarmed.com\/wp-content\/uploads\/2025\/08\/SEMI-CORE-incamed-peru.jpg","type":"image\/jpeg"}],"twitter_card":"summary_large_image","twitter_misc":{"Est. reading time":"2 minutos"},"schema":{"@context":"https:\/\/schema.org","@graph":[{"@type":"WebPage","@id":"https:\/\/www.incarmed.com\/es-pe\/producto\/semi-core-aguja-semiautomatica-biopsia-peru\/","url":"https:\/\/www.incarmed.com\/es-pe\/producto\/semi-core-aguja-semiautomatica-biopsia-peru\/","name":"Semi Core | Aguja Semiautom\u00e1tica para Biopsia en Per\u00fa","isPartOf":{"@id":"https:\/\/www.incarmed.com\/es-pe\/#website"},"primaryImageOfPage":{"@id":"https:\/\/www.incarmed.com\/es-pe\/producto\/semi-core-aguja-semiautomatica-biopsia-peru\/#primaryimage"},"image":{"@id":"https:\/\/www.incarmed.com\/es-pe\/producto\/semi-core-aguja-semiautomatica-biopsia-peru\/#primaryimage"},"thumbnailUrl":"https:\/\/www.incarmed.com\/wp-content\/uploads\/2025\/08\/SEMI-CORE-incamed-peru.jpg","datePublished":"2025-08-27T00:01:04+00:00","dateModified":"2026-01-04T18:23:48+00:00","description":"Semi Core | Aguja Semiautom\u00e1tica para Biopsia en Per\u00fa","breadcrumb":{"@id":"https:\/\/www.incarmed.com\/es-pe\/producto\/semi-core-aguja-semiautomatica-biopsia-peru\/#breadcrumb"},"inLanguage":"es-PE","potentialAction":[{"@type":"ReadAction","target":["https:\/\/www.incarmed.com\/es-pe\/producto\/semi-core-aguja-semiautomatica-biopsia-peru\/"]}]},{"@type":"ImageObject","inLanguage":"es-PE","@id":"https:\/\/www.incarmed.com\/es-pe\/producto\/semi-core-aguja-semiautomatica-biopsia-peru\/#primaryimage","url":"https:\/\/www.incarmed.com\/wp-content\/uploads\/2025\/08\/SEMI-CORE-incamed-peru.jpg","contentUrl":"https:\/\/www.incarmed.com\/wp-content\/uploads\/2025\/08\/SEMI-CORE-incamed-peru.jpg","width":388,"height":389,"caption":"SEMI CORE Incamed Peru"},{"@type":"BreadcrumbList","@id":"https:\/\/www.incarmed.com\/es-pe\/producto\/semi-core-aguja-semiautomatica-biopsia-peru\/#breadcrumb","itemListElement":[{"@type":"ListItem","position":1,"name":"Portada","item":"https:\/\/www.incarmed.com\/es-pe\/"},{"@type":"ListItem","position":2,"name":"Tienda","item":"https:\/\/www.incarmed.com\/tienda\/"},{"@type":"ListItem","position":3,"name":"Semi core"}]},{"@type":"WebSite","@id":"https:\/\/www.incarmed.com\/es-pe\/#website","url":"https:\/\/www.incarmed.com\/es-pe\/","name":"Incarmed","description":"","potentialAction":[{"@type":"SearchAction","target":{"@type":"EntryPoint","urlTemplate":"https:\/\/www.incarmed.com\/es-pe\/?s={search_term_string}"},"query-input":{"@type":"PropertyValueSpecification","valueRequired":true,"valueName":"search_term_string"}}],"inLanguage":"es-PE"}]}},"_links":{"self":[{"href":"https:\/\/www.incarmed.com\/es-pe\/wp-json\/wp\/v2\/product\/1053","targetHints":{"allow":["GET"]}}],"collection":[{"href":"https:\/\/www.incarmed.com\/es-pe\/wp-json\/wp\/v2\/product"}],"about":[{"href":"https:\/\/www.incarmed.com\/es-pe\/wp-json\/wp\/v2\/types\/product"}],"replies":[{"embeddable":true,"href":"https:\/\/www.incarmed.com\/es-pe\/wp-json\/wp\/v2\/comments?post=1053"}],"wp:featuredmedia":[{"embeddable":true,"href":"https:\/\/www.incarmed.com\/es-pe\/wp-json\/wp\/v2\/media\/1055"}],"wp:attachment":[{"href":"https:\/\/www.incarmed.com\/es-pe\/wp-json\/wp\/v2\/media?parent=1053"}],"wp:term":[{"taxonomy":"product_brand","embeddable":true,"href":"https:\/\/www.incarmed.com\/es-pe\/wp-json\/wp\/v2\/product_brand?post=1053"},{"taxonomy":"product_cat","embeddable":true,"href":"https:\/\/www.incarmed.com\/es-pe\/wp-json\/wp\/v2\/product_cat?post=1053"},{"taxonomy":"product_tag","embeddable":true,"href":"https:\/\/www.incarmed.com\/es-pe\/wp-json\/wp\/v2\/product_tag?post=1053"}],"curies":[{"name":"wp","href":"https:\/\/api.w.org\/{rel}","templated":true}]}}