{"id":1108,"date":"2025-08-28T13:43:50","date_gmt":"2025-08-28T18:43:50","guid":{"rendered":"https:\/\/www.incarmed.com\/?post_type=product&#038;p=1108"},"modified":"2026-02-10T22:16:02","modified_gmt":"2026-02-11T03:16:02","slug":"bolsa-drenaje-ambulatoria-peru","status":"publish","type":"product","link":"https:\/\/www.incarmed.com\/es-pe\/producto\/bolsa-drenaje-ambulatoria-peru\/","title":{"rendered":"Bolsa de drenaje ambulatoria"},"content":{"rendered":"<p>La <strong>bolsa de drenaje ambulatoria<\/strong> de 800 ml est\u00e1 dise\u00f1ada para ofrecer comodidad, seguridad e higiene a los pacientes que requieren un sistema confiable de recolecci\u00f3n urinaria en su d\u00eda a d\u00eda. Gracias a su formato <strong>port\u00e1til<\/strong> y su sistema de fijaci\u00f3n con velcro tipo muslera, permite moverse con libertad sin comprometer la funcionalidad.<\/p>\n<p>Este modelo funciona como una <strong>bolsa de drenaje urinario para pierna<\/strong>, ideal para uso ambulatorio con <strong>cat\u00e9ter urinario<\/strong> o <strong>sonda vesical<\/strong>. Su dise\u00f1o incorpora una <strong>v\u00e1lvula antirreflujo<\/strong>, evitando el retorno de l\u00edquidos y garantizando mayor protecci\u00f3n contra infecciones. Adem\u00e1s, cuenta con tubo flexible, conector luer lock hembra y llave de 3 v\u00edas para un manejo pr\u00e1ctico y seguro.<\/p>\n<p>Si est\u00e1s buscando <strong>bolsa de recolecci\u00f3n de orina en Per\u00fa<\/strong>, esta es una de las mejores opciones por su calidad m\u00e9dica certificada y su capacidad de adaptaci\u00f3n a diferentes necesidades. Disponible en presentaciones <strong>est\u00e9riles y desechables<\/strong>, es recomendada tanto para cl\u00ednicas como para uso domiciliario.<\/p>\n<p>Puedes <strong>comprar la bolsa de drenaje ambulatoria en Lima o en cualquier ciudad del Per\u00fa<\/strong>, con env\u00edos r\u00e1pidos y garantizados. En nuestra tienda m\u00e9dica encontrar\u00e1s precios accesibles y la tranquilidad de adquirir productos confiables para el cuidado de la salud.<\/p>\n<p>Con esta <strong>bolsa de drenaje urinario m\u00e9dica<\/strong>, tendr\u00e1s un sistema pr\u00e1ctico, higi\u00e9nico y discreto para mejorar tu bienestar diario.<\/p>\n","protected":false},"excerpt":{"rendered":"<p><strong>Bolsa de drenaje ambulatoria de 800 ml<\/strong>, con v\u00e1lvula antirreflujo, conector luer lock, llave de 3 v\u00edas y fijaci\u00f3n tipo muslera. C\u00f3moda, port\u00e1til y segura para pacientes con cat\u00e9ter urinario. Disponible en Per\u00fa con env\u00edos a todo el pa\u00eds.<\/p>\n","protected":false},"featured_media":1921,"comment_status":"open","ping_status":"closed","template":"","meta":[],"product_brand":[],"product_cat":[47],"product_tag":[],"class_list":{"0":"post-1108","1":"product","2":"type-product","3":"status-publish","4":"has-post-thumbnail","6":"product_cat-cateteres-drenaje-peru","8":"first","9":"instock","10":"shipping-taxable","11":"product-type-simple"},"yoast_head":"<!-- This site is optimized with the Yoast SEO plugin v27.2 - https:\/\/yoast.com\/product\/yoast-seo-wordpress\/ -->\n<title>Bolsa de drenaje ambulatoria 800 ml en Per\u00fa<\/title>\n<meta name=\"description\" content=\"Bolsa de drenaje ambulatoria port\u00e1til de 800 ml con v\u00e1lvula antirreflujo. Compra en Per\u00fa con env\u00edo seguro a Lima y todo el pa\u00eds.\" \/>\n<meta name=\"robots\" content=\"index, follow, max-snippet:-1, max-image-preview:large, max-video-preview:-1\" \/>\n<link rel=\"canonical\" href=\"https:\/\/www.incarmed.com\/es-pe\/producto\/bolsa-drenaje-ambulatoria-peru\/\" \/>\n<meta property=\"og:locale\" content=\"es_ES\" \/>\n<meta property=\"og:type\" content=\"article\" \/>\n<meta property=\"og:title\" content=\"Bolsa de drenaje ambulatoria 800 ml en Per\u00fa\" \/>\n<meta property=\"og:description\" content=\"Bolsa de drenaje ambulatoria port\u00e1til de 800 ml con v\u00e1lvula antirreflujo. Compra en Per\u00fa con env\u00edo seguro a Lima y todo el pa\u00eds.\" \/>\n<meta property=\"og:url\" content=\"https:\/\/www.incarmed.com\/es-pe\/producto\/bolsa-drenaje-ambulatoria-peru\/\" \/>\n<meta property=\"og:site_name\" content=\"Incarmed\" \/>\n<meta property=\"article:modified_time\" content=\"2026-02-11T03:16:02+00:00\" \/>\n<meta property=\"og:image\" content=\"https:\/\/www.incarmed.com\/wp-content\/uploads\/2025\/08\/BOLSA-DE-DRENAJE-AMBULATORIA-2.png\" \/>\n\t<meta property=\"og:image:width\" content=\"2160\" \/>\n\t<meta property=\"og:image:height\" content=\"2160\" \/>\n\t<meta property=\"og:image:type\" content=\"image\/png\" \/>\n<meta name=\"twitter:card\" content=\"summary_large_image\" \/>\n<meta name=\"twitter:label1\" content=\"Est. reading time\" \/>\n\t<meta name=\"twitter:data1\" content=\"2 minutos\" \/>\n<script type=\"application\/ld+json\" class=\"yoast-schema-graph\">{\"@context\":\"https:\/\/schema.org\",\"@graph\":[{\"@type\":\"WebPage\",\"@id\":\"https:\/\/www.incarmed.com\/es-pe\/producto\/bolsa-drenaje-ambulatoria-peru\/\",\"url\":\"https:\/\/www.incarmed.com\/es-pe\/producto\/bolsa-drenaje-ambulatoria-peru\/\",\"name\":\"Bolsa de drenaje ambulatoria 800 ml en Per\u00fa\",\"isPartOf\":{\"@id\":\"https:\/\/www.incarmed.com\/es-pe\/#website\"},\"primaryImageOfPage\":{\"@id\":\"https:\/\/www.incarmed.com\/es-pe\/producto\/bolsa-drenaje-ambulatoria-peru\/#primaryimage\"},\"image\":{\"@id\":\"https:\/\/www.incarmed.com\/es-pe\/producto\/bolsa-drenaje-ambulatoria-peru\/#primaryimage\"},\"thumbnailUrl\":\"https:\/\/www.incarmed.com\/wp-content\/uploads\/2025\/08\/BOLSA-DE-DRENAJE-AMBULATORIA-2.png\",\"datePublished\":\"2025-08-28T18:43:50+00:00\",\"dateModified\":\"2026-02-11T03:16:02+00:00\",\"description\":\"Bolsa de drenaje ambulatoria port\u00e1til de 800 ml con v\u00e1lvula antirreflujo. Compra en Per\u00fa con env\u00edo seguro a Lima y todo el pa\u00eds.\",\"breadcrumb\":{\"@id\":\"https:\/\/www.incarmed.com\/es-pe\/producto\/bolsa-drenaje-ambulatoria-peru\/#breadcrumb\"},\"inLanguage\":\"es-PE\",\"potentialAction\":[{\"@type\":\"ReadAction\",\"target\":[\"https:\/\/www.incarmed.com\/es-pe\/producto\/bolsa-drenaje-ambulatoria-peru\/\"]}]},{\"@type\":\"ImageObject\",\"inLanguage\":\"es-PE\",\"@id\":\"https:\/\/www.incarmed.com\/es-pe\/producto\/bolsa-drenaje-ambulatoria-peru\/#primaryimage\",\"url\":\"https:\/\/www.incarmed.com\/wp-content\/uploads\/2025\/08\/BOLSA-DE-DRENAJE-AMBULATORIA-2.png\",\"contentUrl\":\"https:\/\/www.incarmed.com\/wp-content\/uploads\/2025\/08\/BOLSA-DE-DRENAJE-AMBULATORIA-2.png\",\"width\":2160,\"height\":2160,\"caption\":\"BOLSA DE DRENAJE AMBULATORIA 2\"},{\"@type\":\"BreadcrumbList\",\"@id\":\"https:\/\/www.incarmed.com\/es-pe\/producto\/bolsa-drenaje-ambulatoria-peru\/#breadcrumb\",\"itemListElement\":[{\"@type\":\"ListItem\",\"position\":1,\"name\":\"Portada\",\"item\":\"https:\/\/www.incarmed.com\/es-pe\/\"},{\"@type\":\"ListItem\",\"position\":2,\"name\":\"Tienda\",\"item\":\"https:\/\/www.incarmed.com\/tienda\/\"},{\"@type\":\"ListItem\",\"position\":3,\"name\":\"Bolsa de drenaje ambulatoria\"}]},{\"@type\":\"WebSite\",\"@id\":\"https:\/\/www.incarmed.com\/es-pe\/#website\",\"url\":\"https:\/\/www.incarmed.com\/es-pe\/\",\"name\":\"Incarmed\",\"description\":\"\",\"potentialAction\":[{\"@type\":\"SearchAction\",\"target\":{\"@type\":\"EntryPoint\",\"urlTemplate\":\"https:\/\/www.incarmed.com\/es-pe\/?s={search_term_string}\"},\"query-input\":{\"@type\":\"PropertyValueSpecification\",\"valueRequired\":true,\"valueName\":\"search_term_string\"}}],\"inLanguage\":\"es-PE\"}]}<\/script>\n<!-- \/ Yoast SEO plugin. -->","yoast_head_json":{"title":"Bolsa de drenaje ambulatoria 800 ml en Per\u00fa","description":"Bolsa de drenaje ambulatoria port\u00e1til de 800 ml con v\u00e1lvula antirreflujo. Compra en Per\u00fa con env\u00edo seguro a Lima y todo el pa\u00eds.","robots":{"index":"index","follow":"follow","max-snippet":"max-snippet:-1","max-image-preview":"max-image-preview:large","max-video-preview":"max-video-preview:-1"},"canonical":"https:\/\/www.incarmed.com\/es-pe\/producto\/bolsa-drenaje-ambulatoria-peru\/","og_locale":"es_ES","og_type":"article","og_title":"Bolsa de drenaje ambulatoria 800 ml en Per\u00fa","og_description":"Bolsa de drenaje ambulatoria port\u00e1til de 800 ml con v\u00e1lvula antirreflujo. Compra en Per\u00fa con env\u00edo seguro a Lima y todo el pa\u00eds.","og_url":"https:\/\/www.incarmed.com\/es-pe\/producto\/bolsa-drenaje-ambulatoria-peru\/","og_site_name":"Incarmed","article_modified_time":"2026-02-11T03:16:02+00:00","og_image":[{"width":2160,"height":2160,"url":"https:\/\/www.incarmed.com\/wp-content\/uploads\/2025\/08\/BOLSA-DE-DRENAJE-AMBULATORIA-2.png","type":"image\/png"}],"twitter_card":"summary_large_image","twitter_misc":{"Est. reading time":"2 minutos"},"schema":{"@context":"https:\/\/schema.org","@graph":[{"@type":"WebPage","@id":"https:\/\/www.incarmed.com\/es-pe\/producto\/bolsa-drenaje-ambulatoria-peru\/","url":"https:\/\/www.incarmed.com\/es-pe\/producto\/bolsa-drenaje-ambulatoria-peru\/","name":"Bolsa de drenaje ambulatoria 800 ml en Per\u00fa","isPartOf":{"@id":"https:\/\/www.incarmed.com\/es-pe\/#website"},"primaryImageOfPage":{"@id":"https:\/\/www.incarmed.com\/es-pe\/producto\/bolsa-drenaje-ambulatoria-peru\/#primaryimage"},"image":{"@id":"https:\/\/www.incarmed.com\/es-pe\/producto\/bolsa-drenaje-ambulatoria-peru\/#primaryimage"},"thumbnailUrl":"https:\/\/www.incarmed.com\/wp-content\/uploads\/2025\/08\/BOLSA-DE-DRENAJE-AMBULATORIA-2.png","datePublished":"2025-08-28T18:43:50+00:00","dateModified":"2026-02-11T03:16:02+00:00","description":"Bolsa de drenaje ambulatoria port\u00e1til de 800 ml con v\u00e1lvula antirreflujo. Compra en Per\u00fa con env\u00edo seguro a Lima y todo el pa\u00eds.","breadcrumb":{"@id":"https:\/\/www.incarmed.com\/es-pe\/producto\/bolsa-drenaje-ambulatoria-peru\/#breadcrumb"},"inLanguage":"es-PE","potentialAction":[{"@type":"ReadAction","target":["https:\/\/www.incarmed.com\/es-pe\/producto\/bolsa-drenaje-ambulatoria-peru\/"]}]},{"@type":"ImageObject","inLanguage":"es-PE","@id":"https:\/\/www.incarmed.com\/es-pe\/producto\/bolsa-drenaje-ambulatoria-peru\/#primaryimage","url":"https:\/\/www.incarmed.com\/wp-content\/uploads\/2025\/08\/BOLSA-DE-DRENAJE-AMBULATORIA-2.png","contentUrl":"https:\/\/www.incarmed.com\/wp-content\/uploads\/2025\/08\/BOLSA-DE-DRENAJE-AMBULATORIA-2.png","width":2160,"height":2160,"caption":"BOLSA DE DRENAJE AMBULATORIA 2"},{"@type":"BreadcrumbList","@id":"https:\/\/www.incarmed.com\/es-pe\/producto\/bolsa-drenaje-ambulatoria-peru\/#breadcrumb","itemListElement":[{"@type":"ListItem","position":1,"name":"Portada","item":"https:\/\/www.incarmed.com\/es-pe\/"},{"@type":"ListItem","position":2,"name":"Tienda","item":"https:\/\/www.incarmed.com\/tienda\/"},{"@type":"ListItem","position":3,"name":"Bolsa de drenaje ambulatoria"}]},{"@type":"WebSite","@id":"https:\/\/www.incarmed.com\/es-pe\/#website","url":"https:\/\/www.incarmed.com\/es-pe\/","name":"Incarmed","description":"","potentialAction":[{"@type":"SearchAction","target":{"@type":"EntryPoint","urlTemplate":"https:\/\/www.incarmed.com\/es-pe\/?s={search_term_string}"},"query-input":{"@type":"PropertyValueSpecification","valueRequired":true,"valueName":"search_term_string"}}],"inLanguage":"es-PE"}]}},"_links":{"self":[{"href":"https:\/\/www.incarmed.com\/es-pe\/wp-json\/wp\/v2\/product\/1108","targetHints":{"allow":["GET"]}}],"collection":[{"href":"https:\/\/www.incarmed.com\/es-pe\/wp-json\/wp\/v2\/product"}],"about":[{"href":"https:\/\/www.incarmed.com\/es-pe\/wp-json\/wp\/v2\/types\/product"}],"replies":[{"embeddable":true,"href":"https:\/\/www.incarmed.com\/es-pe\/wp-json\/wp\/v2\/comments?post=1108"}],"wp:featuredmedia":[{"embeddable":true,"href":"https:\/\/www.incarmed.com\/es-pe\/wp-json\/wp\/v2\/media\/1921"}],"wp:attachment":[{"href":"https:\/\/www.incarmed.com\/es-pe\/wp-json\/wp\/v2\/media?parent=1108"}],"wp:term":[{"taxonomy":"product_brand","embeddable":true,"href":"https:\/\/www.incarmed.com\/es-pe\/wp-json\/wp\/v2\/product_brand?post=1108"},{"taxonomy":"product_cat","embeddable":true,"href":"https:\/\/www.incarmed.com\/es-pe\/wp-json\/wp\/v2\/product_cat?post=1108"},{"taxonomy":"product_tag","embeddable":true,"href":"https:\/\/www.incarmed.com\/es-pe\/wp-json\/wp\/v2\/product_tag?post=1108"}],"curies":[{"name":"wp","href":"https:\/\/api.w.org\/{rel}","templated":true}]}}